{"id":103,"date":"2026-03-17T19:10:22","date_gmt":"2026-03-17T19:10:22","guid":{"rendered":"https:\/\/petparadise.azdigi.shop\/?post_type=product&#038;p=103"},"modified":"2026-03-19T08:12:02","modified_gmt":"2026-03-19T08:12:02","slug":"bot-tam-kho-cho-cho-meo-hana-pet-320ml","status":"publish","type":"product","link":"https:\/\/petparadise.azdigi.shop\/index.php\/san-pham\/bot-tam-kho-cho-cho-meo-hana-pet-320ml\/","title":{"rendered":"B\u1ecdt T\u1eafm Kh\u00f4 Cho Ch\u00f3 M\u00e8o Hana Pet 320ML"},"content":{"rendered":"<p data-path-to-node=\"7\"><strong>B\u1ecdt T\u1eafm Kh\u00f4 Cho Ch\u00f3 M\u00e8o Hana Pet<\/strong> \u0111ang tr\u1edf th\u00e0nh c\u01a1n s\u1ed1t trong c\u1ed9ng \u0111\u1ed3ng y\u00eau th\u00fa c\u01b0ng. \u0110\u00e2y l\u00e0 gi\u1ea3i ph\u00e1p c\u1ee9u c\u00e1nh cho nh\u1eefng ng\u00e0y b\u1eadn r\u1ed9n ho\u1eb7c th\u1eddi ti\u1ebft l\u1ea1nh. N\u1ebfu b\u1ea1n ch\u01b0a bi\u1ebft c\u00e1ch d\u00f9ng ho\u1eb7c c\u00f4ng d\u1ee5ng c\u1ee7a n\u00f3, h\u00e3y xem ngay b\u00e0i vi\u1ebft n\u00e0y. Ch\u00fang t\u00f4i s\u1ebd gi\u1ea3i \u0111\u00e1p m\u1ecdi th\u1eafc m\u1eafc v\u1ec1 d\u00f2ng s\u1ea3n ph\u1ea9m cao c\u1ea5p n\u00e0y.<\/p>\n<h2 data-path-to-node=\"9\"><span style=\"font-size: 80%;\"><b data-path-to-node=\"9\" data-index-in-node=\"0\">B\u1ecdt t\u1eafm kh\u00f4 Hana Pet l\u00e0 g\u00ec?<\/b><\/span><\/h2>\n<p data-path-to-node=\"10\">\u0110\u00e2y l\u00e0 d\u00f2ng s\u1ea3n ph\u1ea9m v\u1ec7 sinh th\u00fa c\u01b0ng d\u1ea1ng b\u1ecdt m\u1ecbn. B\u1ea1n c\u00f3 th\u1ec3 l\u00e0m s\u1ea1ch l\u00f4ng b\u00e9 m\u00e0 kh\u00f4ng c\u1ea7n d\u00f9ng \u0111\u1ebfn n\u01b0\u1edbc. <b data-path-to-node=\"10\" data-index-in-node=\"108\">B\u1ecdt t\u1eafm kh\u00f4 Hana Pet<\/b> s\u1eed d\u1ee5ng c\u00f4ng ngh\u1ec7 Nano B\u1ea1c ti\u00ean ti\u1ebfn t\u1eeb H\u00e0n Qu\u1ed1c. N\u00f3 gi\u00fap lo\u1ea1i b\u1ecf vi khu\u1ea9n v\u00e0 n\u1ea5m m\u1ed1c tr\u00ean da l\u00f4ng c\u1ef1c nhanh. V\u1edbi dung t\u00edch 320ml, s\u1ea3n ph\u1ea9m r\u1ea5t ti\u1ebft ki\u1ec7m cho ng\u01b0\u1eddi nu\u00f4i ch\u00f3 m\u00e8o.<\/p>\n<h3 data-path-to-node=\"11\"><span style=\"font-size: 80%;\"><b data-path-to-node=\"11\" data-index-in-node=\"0\">5 L\u00fd do b\u1ea1n n\u00ean s\u1edf h\u1eefu b\u1ecdt t\u1eafm kh\u00f4 Hana Pet ngay<\/b><\/span><\/h3>\n<ol start=\"1\" data-path-to-node=\"12\">\n<li>\n<p data-path-to-node=\"12,0,0\"><b data-path-to-node=\"12,0,0\" data-index-in-node=\"0\">L\u00e0m s\u1ea1ch si\u00eau t\u1ed1c:<\/b> Ch\u1ec9 m\u1ea5t 2 ph\u00fat \u0111\u1ec3 b\u00e9 c\u01b0ng s\u1ea1ch s\u1ebd ho\u00e0n to\u00e0n.<\/p>\n<\/li>\n<li>\n<p data-path-to-node=\"12,1,0\"><b data-path-to-node=\"12,1,0\" data-index-in-node=\"0\">Kh\u1eed m\u00f9i h\u00f4i tri\u1ec7t \u0111\u1ec3:<\/b> Lo\u1ea1i b\u1ecf m\u00f9i \u0111\u1eb7c tr\u01b0ng c\u1ee7a th\u00fa c\u01b0ng t\u1ee9c th\u00ec.<\/p>\n<\/li>\n<li>\n<p data-path-to-node=\"12,2,0\"><b data-path-to-node=\"12,2,0\" data-index-in-node=\"0\">An to\u00e0n tuy\u1ec7t \u0111\u1ed1i:<\/b> Th\u00e0nh ph\u1ea7n t\u1ef1 nhi\u00ean, kh\u00f4ng g\u00e2y k\u00edch \u1ee9ng da nh\u1ea1y c\u1ea3m.<\/p>\n<\/li>\n<li>\n<p data-path-to-node=\"12,3,0\"><b data-path-to-node=\"12,3,0\" data-index-in-node=\"0\">D\u01b0\u1ee1ng l\u00f4ng m\u1ec1m m\u1ea1i:<\/b> Gi\u00fap l\u00f4ng t\u01a1i x\u1ed1p, kh\u00f4ng b\u1ecb b\u1ebft d\u00ednh sau khi d\u00f9ng.<\/p>\n<\/li>\n<li>\n<p data-path-to-node=\"12,4,0\"><b data-path-to-node=\"12,4,0\" data-index-in-node=\"0\">Ti\u1ec7n l\u1ee3i m\u1ecdi l\u00fac:<\/b> Ph\u00f9 h\u1ee3p khi \u0111i du l\u1ecbch ho\u1eb7c khi b\u00e9 \u0111ang \u1ed1m.<\/p>\n<\/li>\n<\/ol>\n<h4 data-path-to-node=\"13\"><b data-path-to-node=\"13\" data-index-in-node=\"0\">Gi\u1ea3i \u0111\u00e1p th\u1eafc m\u1eafc th\u01b0\u1eddng g\u1eb7p (FAQ)<\/b><\/h4>\n<p data-path-to-node=\"14\"><b data-path-to-node=\"14\" data-index-in-node=\"0\">Th\u00fa c\u01b0ng li\u1ebfm ph\u1ea3i b\u1ecdt t\u1eafm kh\u00f4 Hana Pet c\u00f3 sao kh\u00f4ng?<\/b> B\u1ea1n ho\u00e0n to\u00e0n c\u00f3 th\u1ec3 y\u00ean t\u00e2m v\u1ec1 v\u1ea5n \u0111\u1ec1 n\u00e0y. S\u1ea3n ph\u1ea9m \u0111\u01b0\u1ee3c chi\u1ebft xu\u1ea5t t\u1eeb c\u00e1c th\u00e0nh ph\u1ea7n l\u00e0nh t\u00ednh v\u00e0 an to\u00e0n. N\u1ebfu b\u00e9 v\u00f4 t\u00ecnh li\u1ebfm l\u00f4ng sau khi t\u1eafm, s\u1ee9c kh\u1ecfe v\u1eabn \u0111\u1ea3m b\u1ea3o.<\/p>\n<p data-path-to-node=\"15\"><b data-path-to-node=\"15\" data-index-in-node=\"0\">N\u00ean d\u00f9ng b\u1ecdt t\u1eafm kh\u00f4 Hana Pet khi n\u00e0o l\u00e0 t\u1ed1t nh\u1ea5t?<\/b> B\u1ea1n n\u00ean d\u00f9ng khi b\u00e9 s\u1ee3 n\u01b0\u1edbc ho\u1eb7c kh\u00f4ng th\u1ec3 t\u1eafm b\u1eb1ng n\u01b0\u1edbc. V\u00ed d\u1ee5 nh\u01b0 khi th\u1eddi ti\u1ebft qu\u00e1 l\u1ea1nh ho\u1eb7c b\u00e9 v\u1eeba m\u1edbi ti\u00eam ph\u00f2ng. S\u1ea3n ph\u1ea9m c\u0169ng r\u1ea5t h\u1eefu \u00edch \u0111\u1ec3 v\u1ec7 sinh ch\u00e2n b\u00e9 sau khi \u0111i d\u1ea1o.<\/p>\n<p data-path-to-node=\"16\"><b data-path-to-node=\"16\" data-index-in-node=\"0\">C\u00e1ch s\u1eed d\u1ee5ng b\u1ecdt t\u1eafm kh\u00f4 Hana Pet nh\u01b0 th\u1ebf n\u00e0o cho \u0111\u00fang?<\/b> \u0110\u1ea7u ti\u00ean, b\u1ea1n h\u00e3y x\u1ecbt m\u1ed9t l\u01b0\u1ee3ng b\u1ecdt v\u1eeba \u0111\u1ee7 ra l\u00f2ng b\u00e0n tay. Sau \u0111\u00f3, thoa \u0111\u1ec1u v\u00e0 massage nh\u1eb9 nh\u00e0ng l\u00ean to\u00e0n th\u00e2n th\u00fa c\u01b0ng. Cu\u1ed1i c\u00f9ng, d\u00f9ng kh\u0103n kh\u00f4 lau l\u1ea1i v\u00e0 ch\u1ea3i l\u00f4ng cho th\u1eadt t\u01a1i.<\/p>\n<h4 data-path-to-node=\"17\"><b data-path-to-node=\"17\" data-index-in-node=\"0\">Mua b\u1ecdt t\u1eafm kh\u00f4 Hana Pet ch\u00ednh h\u00e3ng \u1edf \u0111\u00e2u?<\/b><\/h4>\n<p data-path-to-node=\"18\">Ch\u00fang t\u00f4i cam k\u1ebft cung c\u1ea5p s\u1ea3n ph\u1ea9m ch\u00ednh h\u00e3ng v\u1edbi ch\u1ea5t l\u01b0\u1ee3ng t\u1ed1t nh\u1ea5t. <b data-path-to-node=\"18\" data-index-in-node=\"72\">Gi\u00e1 s\u1ea3n ph\u1ea9m c\u00f3 th\u1ec3 thay \u0111\u1ed5i t\u00f9y theo t\u1eebng th\u1eddi \u0111i\u1ec3m.<\/b> \u0110\u1ec3 \u0111\u1ea3m b\u1ea3o mua \u0111\u00fang h\u00e0ng th\u1eadt, b\u1ea1n h\u00e3y li\u00ean h\u1ec7 tr\u1ef1c ti\u1ebfp v\u1edbi c\u1eeda h\u00e0ng.<\/p>\n<p data-path-to-node=\"19\">B\u1ea1n mu\u1ed1n xem video tr\u1ea3i nghi\u1ec7m th\u1ef1c t\u1ebf s\u1ea3n ph\u1ea9m tr\u00ean th\u00fa c\u01b0ng? H\u00e3y nhanh tay g\u1ecdi ngay s\u1ed1 <a href=\"http:\/\/0776550001\"><b data-path-to-node=\"19\" data-index-in-node=\"107\">Hotline<\/b> <\/a>\u0111\u1ec3 \u0111\u01b0\u1ee3c t\u01b0 v\u1ea5n. \u0110\u1ed9i ng\u0169 nh\u00e2n vi\u00ean lu\u00f4n s\u1eb5n s\u00e0ng g\u1eedi h\u00ecnh \u1ea3nh chi ti\u1ebft cho b\u1ea1n!<\/p>\n<p data-path-to-node=\"22\"><code data-path-to-node=\"22\" data-index-in-node=\"0\">b\u1ecdt t\u1eafm kh\u00f4 Hana Pet<\/code>, <code data-path-to-node=\"22\" data-index-in-node=\"22\">review Hana Pet<\/code>, <code data-path-to-node=\"22\" data-index-in-node=\"39\">t\u1eafm kh\u00f4 ch\u00f3 m\u00e8o<\/code>, <code data-path-to-node=\"22\" data-index-in-node=\"56\">v\u1ec7 sinh th\u00fa c\u01b0ng<\/code>, <code data-path-to-node=\"22\" data-index-in-node=\"74\">Hana Pet H\u00e0n Qu\u1ed1c<\/code>.<\/p>\n","protected":false},"excerpt":{"rendered":"<p><b data-path-to-node=\"4\" data-index-in-node=\"0\">B\u1ecdt t\u1eafm kh\u00f4 Hana Pet <\/b>l\u00e0 gi\u1ea3i ph\u00e1p l\u00e0m s\u1ea1ch l\u00f4ng nhanh ch\u00f3ng kh\u00f4ng c\u1ea7n d\u00f9ng n\u01b0\u1edbc. V\u1edbi c\u00f4ng ngh\u1ec7 Nano B\u1ea1c ti\u00ean ti\u1ebfn, s\u1ea3n ph\u1ea9m gi\u00fap di\u1ec7t khu\u1ea9n, kh\u1eed m\u00f9i h\u00f4i v\u00e0 d\u01b0\u1ee1ng l\u00f4ng m\u1ec1m m\u01b0\u1ee3t t\u1ee9c th\u00ec. S\u1ea3n ph\u1ea9m c\u1ef1c k\u1ef3 an to\u00e0n, d\u1ecbu nh\u1eb9, ph\u00f9 h\u1ee3p cho c\u1ea3 ch\u00f3 m\u00e8o con v\u00e0 th\u00fa c\u01b0ng c\u00f3 l\u00e0n da nh\u1ea1y c\u1ea3m.<\/p>\n","protected":false},"featured_media":104,"comment_status":"open","ping_status":"closed","template":"","meta":[],"product_brand":[],"product_cat":[31],"product_tag":[],"class_list":{"0":"post-103","1":"product","2":"type-product","3":"status-publish","4":"has-post-thumbnail","6":"product_cat-cham-soc","8":"first","9":"instock","10":"shipping-taxable","11":"purchasable","12":"product-type-variable"},"yoast_head":"<!-- This site is optimized with the Yoast SEO plugin v26.8 - https:\/\/yoast.com\/product\/yoast-seo-wordpress\/ -->\n<title>B\u1ecdt T\u1eafm Kh\u00f4 Cho Ch\u00f3 M\u00e8o Hana Pet 320ML - PETPARADISE<\/title>\n<meta name=\"description\" content=\"B\u1ecdt t\u1eafm kh\u00f4 Hana Pet v\u1ec7 sinh th\u00fa c\u01b0ng kh\u00f4ng c\u1ea7n n\u01b0\u1edbc h\u00e0ng \u0111\u1ea7u hi\u1ec7n nay, gi\u00fap kh\u1eed m\u00f9i h\u00f4i, di\u1ec7t khu\u1ea9n v\u00e0 d\u01b0\u1ee1ng l\u00f4ng m\u1ec1m m\u01b0\u1ee3t an to\u00e0n cho c\u1ea3 ch\u00f3 v\u00e0 m\u00e8o.\" \/>\n<meta name=\"robots\" content=\"index, follow, max-snippet:-1, max-image-preview:large, max-video-preview:-1\" \/>\n<link rel=\"canonical\" href=\"https:\/\/petparadise.azdigi.shop\/index.php\/san-pham\/bot-tam-kho-cho-cho-meo-hana-pet-320ml\/\" \/>\n<meta property=\"og:locale\" content=\"vi_VN\" \/>\n<meta property=\"og:type\" content=\"article\" \/>\n<meta property=\"og:title\" content=\"B\u1ecdt T\u1eafm Kh\u00f4 Cho Ch\u00f3 M\u00e8o Hana Pet 320ML - PETPARADISE\" \/>\n<meta property=\"og:description\" content=\"B\u1ecdt t\u1eafm kh\u00f4 Hana Pet v\u1ec7 sinh th\u00fa c\u01b0ng kh\u00f4ng c\u1ea7n n\u01b0\u1edbc h\u00e0ng \u0111\u1ea7u hi\u1ec7n nay, gi\u00fap kh\u1eed m\u00f9i h\u00f4i, di\u1ec7t khu\u1ea9n v\u00e0 d\u01b0\u1ee1ng l\u00f4ng m\u1ec1m m\u01b0\u1ee3t an to\u00e0n cho c\u1ea3 ch\u00f3 v\u00e0 m\u00e8o.\" \/>\n<meta property=\"og:url\" content=\"https:\/\/petparadise.azdigi.shop\/index.php\/san-pham\/bot-tam-kho-cho-cho-meo-hana-pet-320ml\/\" \/>\n<meta property=\"og:site_name\" content=\"PETPARADISE\" \/>\n<meta property=\"article:modified_time\" content=\"2026-03-19T08:12:02+00:00\" \/>\n<meta property=\"og:image\" content=\"https:\/\/petparadise.azdigi.shop\/wp-content\/uploads\/2026\/03\/bot-tam-kho-duong-long-cho-cho-meo-waterless-bubble-shampoo-hana-pet-320ml_1.webp\" \/>\n\t<meta property=\"og:image:width\" content=\"1280\" \/>\n\t<meta property=\"og:image:height\" content=\"1280\" \/>\n\t<meta property=\"og:image:type\" content=\"image\/webp\" \/>\n<meta name=\"twitter:card\" content=\"summary_large_image\" \/>\n<meta name=\"twitter:label1\" content=\"\u01af\u1edbc t\u00ednh th\u1eddi gian \u0111\u1ecdc\" \/>\n\t<meta name=\"twitter:data1\" content=\"3 ph\u00fat\" \/>\n<script type=\"application\/ld+json\" class=\"yoast-schema-graph\">{\"@context\":\"https:\/\/schema.org\",\"@graph\":[{\"@type\":\"WebPage\",\"@id\":\"https:\/\/petparadise.azdigi.shop\/index.php\/san-pham\/bot-tam-kho-cho-cho-meo-hana-pet-320ml\/\",\"url\":\"https:\/\/petparadise.azdigi.shop\/index.php\/san-pham\/bot-tam-kho-cho-cho-meo-hana-pet-320ml\/\",\"name\":\"B\u1ecdt T\u1eafm Kh\u00f4 Cho Ch\u00f3 M\u00e8o Hana Pet 320ML - PETPARADISE\",\"isPartOf\":{\"@id\":\"https:\/\/petparadise.azdigi.shop\/#website\"},\"primaryImageOfPage\":{\"@id\":\"https:\/\/petparadise.azdigi.shop\/index.php\/san-pham\/bot-tam-kho-cho-cho-meo-hana-pet-320ml\/#primaryimage\"},\"image\":{\"@id\":\"https:\/\/petparadise.azdigi.shop\/index.php\/san-pham\/bot-tam-kho-cho-cho-meo-hana-pet-320ml\/#primaryimage\"},\"thumbnailUrl\":\"https:\/\/petparadise.azdigi.shop\/wp-content\/uploads\/2026\/03\/bot-tam-kho-duong-long-cho-cho-meo-waterless-bubble-shampoo-hana-pet-320ml_1.webp\",\"datePublished\":\"2026-03-17T19:10:22+00:00\",\"dateModified\":\"2026-03-19T08:12:02+00:00\",\"description\":\"B\u1ecdt t\u1eafm kh\u00f4 Hana Pet v\u1ec7 sinh th\u00fa c\u01b0ng kh\u00f4ng c\u1ea7n n\u01b0\u1edbc h\u00e0ng \u0111\u1ea7u hi\u1ec7n nay, gi\u00fap kh\u1eed m\u00f9i h\u00f4i, di\u1ec7t khu\u1ea9n v\u00e0 d\u01b0\u1ee1ng l\u00f4ng m\u1ec1m m\u01b0\u1ee3t an to\u00e0n cho c\u1ea3 ch\u00f3 v\u00e0 m\u00e8o.\",\"breadcrumb\":{\"@id\":\"https:\/\/petparadise.azdigi.shop\/index.php\/san-pham\/bot-tam-kho-cho-cho-meo-hana-pet-320ml\/#breadcrumb\"},\"inLanguage\":\"vi\",\"potentialAction\":[{\"@type\":\"ReadAction\",\"target\":[\"https:\/\/petparadise.azdigi.shop\/index.php\/san-pham\/bot-tam-kho-cho-cho-meo-hana-pet-320ml\/\"]}]},{\"@type\":\"ImageObject\",\"inLanguage\":\"vi\",\"@id\":\"https:\/\/petparadise.azdigi.shop\/index.php\/san-pham\/bot-tam-kho-cho-cho-meo-hana-pet-320ml\/#primaryimage\",\"url\":\"https:\/\/petparadise.azdigi.shop\/wp-content\/uploads\/2026\/03\/bot-tam-kho-duong-long-cho-cho-meo-waterless-bubble-shampoo-hana-pet-320ml_1.webp\",\"contentUrl\":\"https:\/\/petparadise.azdigi.shop\/wp-content\/uploads\/2026\/03\/bot-tam-kho-duong-long-cho-cho-meo-waterless-bubble-shampoo-hana-pet-320ml_1.webp\",\"width\":1280,\"height\":1280},{\"@type\":\"BreadcrumbList\",\"@id\":\"https:\/\/petparadise.azdigi.shop\/index.php\/san-pham\/bot-tam-kho-cho-cho-meo-hana-pet-320ml\/#breadcrumb\",\"itemListElement\":[{\"@type\":\"ListItem\",\"position\":1,\"name\":\"Trang ch\u1ee7\",\"item\":\"https:\/\/petparadise.azdigi.shop\/\"},{\"@type\":\"ListItem\",\"position\":2,\"name\":\"Mua s\u1eafm\",\"item\":\"https:\/\/petparadise.azdigi.shop\/index.php\/mua-sam-2\/\"},{\"@type\":\"ListItem\",\"position\":3,\"name\":\"B\u1ecdt T\u1eafm Kh\u00f4 Cho Ch\u00f3 M\u00e8o Hana Pet 320ML\"}]},{\"@type\":\"WebSite\",\"@id\":\"https:\/\/petparadise.azdigi.shop\/#website\",\"url\":\"https:\/\/petparadise.azdigi.shop\/\",\"name\":\"PETPARADISE\",\"description\":\"\",\"potentialAction\":[{\"@type\":\"SearchAction\",\"target\":{\"@type\":\"EntryPoint\",\"urlTemplate\":\"https:\/\/petparadise.azdigi.shop\/?s={search_term_string}\"},\"query-input\":{\"@type\":\"PropertyValueSpecification\",\"valueRequired\":true,\"valueName\":\"search_term_string\"}}],\"inLanguage\":\"vi\"}]}<\/script>\n<!-- \/ Yoast SEO plugin. -->","yoast_head_json":{"title":"B\u1ecdt T\u1eafm Kh\u00f4 Cho Ch\u00f3 M\u00e8o Hana Pet 320ML - PETPARADISE","description":"B\u1ecdt t\u1eafm kh\u00f4 Hana Pet v\u1ec7 sinh th\u00fa c\u01b0ng kh\u00f4ng c\u1ea7n n\u01b0\u1edbc h\u00e0ng \u0111\u1ea7u hi\u1ec7n nay, gi\u00fap kh\u1eed m\u00f9i h\u00f4i, di\u1ec7t khu\u1ea9n v\u00e0 d\u01b0\u1ee1ng l\u00f4ng m\u1ec1m m\u01b0\u1ee3t an to\u00e0n cho c\u1ea3 ch\u00f3 v\u00e0 m\u00e8o.","robots":{"index":"index","follow":"follow","max-snippet":"max-snippet:-1","max-image-preview":"max-image-preview:large","max-video-preview":"max-video-preview:-1"},"canonical":"https:\/\/petparadise.azdigi.shop\/index.php\/san-pham\/bot-tam-kho-cho-cho-meo-hana-pet-320ml\/","og_locale":"vi_VN","og_type":"article","og_title":"B\u1ecdt T\u1eafm Kh\u00f4 Cho Ch\u00f3 M\u00e8o Hana Pet 320ML - PETPARADISE","og_description":"B\u1ecdt t\u1eafm kh\u00f4 Hana Pet v\u1ec7 sinh th\u00fa c\u01b0ng kh\u00f4ng c\u1ea7n n\u01b0\u1edbc h\u00e0ng \u0111\u1ea7u hi\u1ec7n nay, gi\u00fap kh\u1eed m\u00f9i h\u00f4i, di\u1ec7t khu\u1ea9n v\u00e0 d\u01b0\u1ee1ng l\u00f4ng m\u1ec1m m\u01b0\u1ee3t an to\u00e0n cho c\u1ea3 ch\u00f3 v\u00e0 m\u00e8o.","og_url":"https:\/\/petparadise.azdigi.shop\/index.php\/san-pham\/bot-tam-kho-cho-cho-meo-hana-pet-320ml\/","og_site_name":"PETPARADISE","article_modified_time":"2026-03-19T08:12:02+00:00","og_image":[{"width":1280,"height":1280,"url":"https:\/\/petparadise.azdigi.shop\/wp-content\/uploads\/2026\/03\/bot-tam-kho-duong-long-cho-cho-meo-waterless-bubble-shampoo-hana-pet-320ml_1.webp","type":"image\/webp"}],"twitter_card":"summary_large_image","twitter_misc":{"\u01af\u1edbc t\u00ednh th\u1eddi gian \u0111\u1ecdc":"3 ph\u00fat"},"schema":{"@context":"https:\/\/schema.org","@graph":[{"@type":"WebPage","@id":"https:\/\/petparadise.azdigi.shop\/index.php\/san-pham\/bot-tam-kho-cho-cho-meo-hana-pet-320ml\/","url":"https:\/\/petparadise.azdigi.shop\/index.php\/san-pham\/bot-tam-kho-cho-cho-meo-hana-pet-320ml\/","name":"B\u1ecdt T\u1eafm Kh\u00f4 Cho Ch\u00f3 M\u00e8o Hana Pet 320ML - PETPARADISE","isPartOf":{"@id":"https:\/\/petparadise.azdigi.shop\/#website"},"primaryImageOfPage":{"@id":"https:\/\/petparadise.azdigi.shop\/index.php\/san-pham\/bot-tam-kho-cho-cho-meo-hana-pet-320ml\/#primaryimage"},"image":{"@id":"https:\/\/petparadise.azdigi.shop\/index.php\/san-pham\/bot-tam-kho-cho-cho-meo-hana-pet-320ml\/#primaryimage"},"thumbnailUrl":"https:\/\/petparadise.azdigi.shop\/wp-content\/uploads\/2026\/03\/bot-tam-kho-duong-long-cho-cho-meo-waterless-bubble-shampoo-hana-pet-320ml_1.webp","datePublished":"2026-03-17T19:10:22+00:00","dateModified":"2026-03-19T08:12:02+00:00","description":"B\u1ecdt t\u1eafm kh\u00f4 Hana Pet v\u1ec7 sinh th\u00fa c\u01b0ng kh\u00f4ng c\u1ea7n n\u01b0\u1edbc h\u00e0ng \u0111\u1ea7u hi\u1ec7n nay, gi\u00fap kh\u1eed m\u00f9i h\u00f4i, di\u1ec7t khu\u1ea9n v\u00e0 d\u01b0\u1ee1ng l\u00f4ng m\u1ec1m m\u01b0\u1ee3t an to\u00e0n cho c\u1ea3 ch\u00f3 v\u00e0 m\u00e8o.","breadcrumb":{"@id":"https:\/\/petparadise.azdigi.shop\/index.php\/san-pham\/bot-tam-kho-cho-cho-meo-hana-pet-320ml\/#breadcrumb"},"inLanguage":"vi","potentialAction":[{"@type":"ReadAction","target":["https:\/\/petparadise.azdigi.shop\/index.php\/san-pham\/bot-tam-kho-cho-cho-meo-hana-pet-320ml\/"]}]},{"@type":"ImageObject","inLanguage":"vi","@id":"https:\/\/petparadise.azdigi.shop\/index.php\/san-pham\/bot-tam-kho-cho-cho-meo-hana-pet-320ml\/#primaryimage","url":"https:\/\/petparadise.azdigi.shop\/wp-content\/uploads\/2026\/03\/bot-tam-kho-duong-long-cho-cho-meo-waterless-bubble-shampoo-hana-pet-320ml_1.webp","contentUrl":"https:\/\/petparadise.azdigi.shop\/wp-content\/uploads\/2026\/03\/bot-tam-kho-duong-long-cho-cho-meo-waterless-bubble-shampoo-hana-pet-320ml_1.webp","width":1280,"height":1280},{"@type":"BreadcrumbList","@id":"https:\/\/petparadise.azdigi.shop\/index.php\/san-pham\/bot-tam-kho-cho-cho-meo-hana-pet-320ml\/#breadcrumb","itemListElement":[{"@type":"ListItem","position":1,"name":"Trang ch\u1ee7","item":"https:\/\/petparadise.azdigi.shop\/"},{"@type":"ListItem","position":2,"name":"Mua s\u1eafm","item":"https:\/\/petparadise.azdigi.shop\/index.php\/mua-sam-2\/"},{"@type":"ListItem","position":3,"name":"B\u1ecdt T\u1eafm Kh\u00f4 Cho Ch\u00f3 M\u00e8o Hana Pet 320ML"}]},{"@type":"WebSite","@id":"https:\/\/petparadise.azdigi.shop\/#website","url":"https:\/\/petparadise.azdigi.shop\/","name":"PETPARADISE","description":"","potentialAction":[{"@type":"SearchAction","target":{"@type":"EntryPoint","urlTemplate":"https:\/\/petparadise.azdigi.shop\/?s={search_term_string}"},"query-input":{"@type":"PropertyValueSpecification","valueRequired":true,"valueName":"search_term_string"}}],"inLanguage":"vi"}]}},"_links":{"self":[{"href":"https:\/\/petparadise.azdigi.shop\/index.php\/wp-json\/wp\/v2\/product\/103","targetHints":{"allow":["GET"]}}],"collection":[{"href":"https:\/\/petparadise.azdigi.shop\/index.php\/wp-json\/wp\/v2\/product"}],"about":[{"href":"https:\/\/petparadise.azdigi.shop\/index.php\/wp-json\/wp\/v2\/types\/product"}],"replies":[{"embeddable":true,"href":"https:\/\/petparadise.azdigi.shop\/index.php\/wp-json\/wp\/v2\/comments?post=103"}],"wp:featuredmedia":[{"embeddable":true,"href":"https:\/\/petparadise.azdigi.shop\/index.php\/wp-json\/wp\/v2\/media\/104"}],"wp:attachment":[{"href":"https:\/\/petparadise.azdigi.shop\/index.php\/wp-json\/wp\/v2\/media?parent=103"}],"wp:term":[{"taxonomy":"product_brand","embeddable":true,"href":"https:\/\/petparadise.azdigi.shop\/index.php\/wp-json\/wp\/v2\/product_brand?post=103"},{"taxonomy":"product_cat","embeddable":true,"href":"https:\/\/petparadise.azdigi.shop\/index.php\/wp-json\/wp\/v2\/product_cat?post=103"},{"taxonomy":"product_tag","embeddable":true,"href":"https:\/\/petparadise.azdigi.shop\/index.php\/wp-json\/wp\/v2\/product_tag?post=103"}],"curies":[{"name":"wp","href":"https:\/\/api.w.org\/{rel}","templated":true}]}}