{"id":208,"date":"2026-03-19T09:51:43","date_gmt":"2026-03-19T09:51:43","guid":{"rendered":"https:\/\/petparadise.azdigi.shop\/?post_type=product&#038;p=208"},"modified":"2026-03-26T11:55:20","modified_gmt":"2026-03-26T11:55:20","slug":"banh-thuong-cho-cho-xuong-da-bo-doggyman","status":"publish","type":"product","link":"https:\/\/petparadise.azdigi.shop\/index.php\/san-pham\/banh-thuong-cho-cho-xuong-da-bo-doggyman\/","title":{"rendered":"B\u00e1nh Th\u01b0\u1edfng Cho Ch\u00f3 X\u01b0\u01a1ng Da B\u00f2 DoggyMan"},"content":{"rendered":"<h2><strong><span style=\"font-size: 80%;\">B\u00e1nh Th\u01b0\u1edfng Cho Ch\u00f3 X\u01b0\u01a1ng Da B\u00f2 DoggyMan<\/span><\/strong><\/h2>\n<p>&#8211;<span style=\"font-size: 85%;\"> B\u00e1nh th\u01b0\u1edfng cho ch\u00f3 x\u01b0\u01a1ng da b\u00f2 doggyman b\u1eb1ng da heo v\u00e0 da b\u00f2 t\u1ef1 nhi\u00ean, gi\u00fap ch\u00f3 m\u00e0i r\u0103ng, th\u1ecfa m\u00e3n s\u1edf th\u00edch g\u1eb7m c\u1eafn.<\/span><br \/>\n<span style=\"font-size: 85%;\">&#8211; S\u1ea3n xu\u1ea5t t\u1ea1i Vi\u1ec7t Nam theo ti\u00eau chu\u1ea9n xu\u1ea5t kh\u1ea9u Nh\u1eadt B\u1ea3n.<\/span><\/p>\n<h3 data-path-to-node=\"4\"><span style=\"font-size: 80%;\"><strong>\u01afu \u0111i\u1ec3m n\u1ed5i b\u1eadt:<\/strong><\/span><\/h3>\n<ul data-path-to-node=\"5\">\n<li>\n<p data-path-to-node=\"5,0,0\"><span style=\"font-size: 80%;\"><b data-path-to-node=\"5,0,0\" data-index-in-node=\"0\">An to\u00e0n tuy\u1ec7t \u0111\u1ed1i:<\/b> Tuy\u1ec3n ch\u1ecdn t\u1eeb da b\u00f2 v\u00e0 da heo t\u1ef1 nhi\u00ean, kh\u00f4ng ch\u1ea5t b\u1ea3o qu\u1ea3n hay ph\u1ea9m m\u00e0u, ph\u00f9 h\u1ee3p c\u1ea3 v\u1edbi c\u00fan c\u00f3 h\u1ec7 ti\u00eau h\u00f3a nh\u1ea1y c\u1ea3m.<\/span><\/p>\n<\/li>\n<li>\n<p data-path-to-node=\"5,1,0\"><span style=\"font-size: 80%;\"><b data-path-to-node=\"5,1,0\" data-index-in-node=\"0\">S\u1ea1ch r\u0103ng &amp; Th\u01a1m mi\u1ec7ng:<\/b> C\u00e1c s\u1ee3i Collagen ma s\u00e1t m\u1ea1nh khi g\u1eb7m gi\u00fap \u0111\u00e1nh bay m\u1ea3ng b\u00e1m, ng\u0103n ng\u1eeba cao r\u0103ng v\u00e0 h\u00f4i mi\u1ec7ng.<\/span><\/p>\n<\/li>\n<li>\n<p data-path-to-node=\"5,2,0\"><span style=\"font-size: 80%;\"><b data-path-to-node=\"5,2,0\" data-index-in-node=\"0\">Gi\u1ea3i t\u1ecfa Stress:<\/b> Gi\u00fap c\u00fan b\u1eadn r\u1ed9n, gi\u1ea3m lo \u00e2u v\u00e0 h\u1ea1n ch\u1ebf t\u1ed1i \u0111a vi\u1ec7c c\u1eafn ph\u00e1 \u0111\u1ed3 \u0111\u1ea1c trong nh\u00e0.<\/span><\/p>\n<\/li>\n<li>\n<p data-path-to-node=\"5,3,0\"><span style=\"font-size: 80%;\"><b data-path-to-node=\"5,3,0\" data-index-in-node=\"0\">Dinh d\u01b0\u1ee1ng d\u1ed3i d\u00e0o:<\/b> H\u00e0m l\u01b0\u1ee3ng Protein cao h\u1ed7 tr\u1ee3 ph\u00e1t tri\u1ec3n c\u01a1 b\u1eafp v\u00e0 h\u1ec7 x\u01b0\u01a1ng ch\u1eafc kh\u1ecfe.<\/span><\/p>\n<\/li>\n<\/ul>\n<h4 data-path-to-node=\"6\"><span style=\"font-size: 80%;\">\ud83d\udccb Ch\u1ec9 s\u1ed1 dinh d\u01b0\u1ee1ng:<\/span><\/h4>\n<ul data-path-to-node=\"7\">\n<li>\n<p data-path-to-node=\"7,0,0\"><span style=\"font-size: 80%;\"><b data-path-to-node=\"7,0,0\" data-index-in-node=\"0\">Th\u00e0nh ph\u1ea7n:<\/b> 100% da t\u1ef1 nhi\u00ean.<\/span><\/p>\n<\/li>\n<li>\n<p data-path-to-node=\"7,1,0\"><span style=\"font-size: 80%;\"><b data-path-to-node=\"7,1,0\" data-index-in-node=\"0\">\u0110\u1ea1m th\u00f4:<\/b> \u2265 70% | <b data-path-to-node=\"7,1,0\" data-index-in-node=\"17\">B\u00e9o th\u00f4:<\/b> \u2265 0.5%<\/span><\/p>\n<\/li>\n<li>\n<p data-path-to-node=\"7,2,0\"><span style=\"font-size: 80%;\"><b data-path-to-node=\"7,2,0\" data-index-in-node=\"0\">X\u01a1 th\u00f4:<\/b> \u2264 2% | <b data-path-to-node=\"7,2,0\" data-index-in-node=\"15\">\u0110\u1ed9 \u1ea9m:<\/b> \u2264 18%<\/span><\/p>\n<\/li>\n<\/ul>\n<hr data-path-to-node=\"8\" \/>\n<h3 data-path-to-node=\"9\"><span style=\"font-size: 80%;\">\ud83d\uded2 MUA S\u1eaeM T\u1ea0I PET PARADISE<\/span><\/h3>\n<p data-path-to-node=\"10\"><span style=\"font-size: 80%;\">Gh\u00e9 ngay <b data-path-to-node=\"10\" data-index-in-node=\"9\">Pet Paradise<\/b> \u0111\u1ec3 ch\u1ecdn k\u00edch th\u01b0\u1edbc x\u01b0\u01a1ng ph\u00f9 h\u1ee3p nh\u1ea5t cho b\u00e9 y\u00eau nh\u00e0 b\u1ea1n!<\/span><\/p>\n<p data-path-to-node=\"11\"><span style=\"font-size: 80%;\">\ud83d\udccd <b data-path-to-node=\"11\" data-index-in-node=\"3\">\u0110\u1ecba ch\u1ec9:<\/b> [\u0110\u1ecba ch\u1ec9 c\u1ee7a b\u1ea1n] \ud83d\udcde <b data-path-to-node=\"11\" data-index-in-node=\"33\">Hotline\/Zalo:<\/b> [S\u1ed1 \u0111i\u1ec7n tho\u1ea1i c\u1ee7a b\u1ea1n]<\/span><\/p>\n<p data-path-to-node=\"12\"><span style=\"font-size: 80%;\">#PetParadise #DoggyMan #XuongDaBo #BanhThuongChoCho #CleanTeeth #DogTreats #ChamSocThuCung #S\u1ea1chR\u0103ngTh\u01a1mMi\u1ec7ng<\/span><\/p>\n","protected":false},"excerpt":{"rendered":"<p>X\u01b0\u01a1ng Da B\u00f2 Nhi\u1ec1u Lo\u1ea1i Snack Cho Ch\u00f3 DoggyMan- B\u00e1nh th\u01b0\u1edfng b\u1eb1ng da heo v\u00e0 da b\u00f2 t\u1ef1 nhi\u00ean.<\/p>\n","protected":false},"featured_media":209,"comment_status":"open","ping_status":"closed","template":"","meta":[],"product_brand":[],"product_cat":[32],"product_tag":[],"class_list":{"0":"post-208","1":"product","2":"type-product","3":"status-publish","4":"has-post-thumbnail","6":"product_cat-thuc-an-cho-cho","8":"first","9":"instock","10":"shipping-taxable","11":"purchasable","12":"product-type-variable"},"yoast_head":"<!-- This site is optimized with the Yoast SEO plugin v26.8 - https:\/\/yoast.com\/product\/yoast-seo-wordpress\/ -->\n<title>B\u00e1nh Th\u01b0\u1edfng Cho Ch\u00f3 X\u01b0\u01a1ng Da B\u00f2 DoggyMan - PETPARADISE<\/title>\n<meta name=\"description\" content=\"X\u01b0\u01a1ng da b\u00f2 DoggyMan \u2013 B\u00e1nh th\u01b0\u1edfng cao c\u1ea5p t\u1eeb Nh\u1eadt B\u1ea3n gi\u00fap c\u00fan s\u1ea1ch r\u0103ng, th\u01a1m mi\u1ec7ng v\u00e0 gi\u1ea3m stress hi\u1ec7u qu\u1ea3 100% da b\u00f2 t\u1ef1 nhi\u00ean, an to\u00e0n, gi\u00e0u dinh d\u01b0\u1ee1ng.\" \/>\n<meta name=\"robots\" content=\"index, follow, max-snippet:-1, max-image-preview:large, max-video-preview:-1\" \/>\n<link rel=\"canonical\" href=\"https:\/\/petparadise.azdigi.shop\/index.php\/san-pham\/banh-thuong-cho-cho-xuong-da-bo-doggyman\/\" \/>\n<meta property=\"og:locale\" content=\"vi_VN\" \/>\n<meta property=\"og:type\" content=\"article\" \/>\n<meta property=\"og:title\" content=\"B\u00e1nh Th\u01b0\u1edfng Cho Ch\u00f3 X\u01b0\u01a1ng Da B\u00f2 DoggyMan - PETPARADISE\" \/>\n<meta property=\"og:description\" content=\"X\u01b0\u01a1ng da b\u00f2 DoggyMan \u2013 B\u00e1nh th\u01b0\u1edfng cao c\u1ea5p t\u1eeb Nh\u1eadt B\u1ea3n gi\u00fap c\u00fan s\u1ea1ch r\u0103ng, th\u01a1m mi\u1ec7ng v\u00e0 gi\u1ea3m stress hi\u1ec7u qu\u1ea3 100% da b\u00f2 t\u1ef1 nhi\u00ean, an to\u00e0n, gi\u00e0u dinh d\u01b0\u1ee1ng.\" \/>\n<meta property=\"og:url\" content=\"https:\/\/petparadise.azdigi.shop\/index.php\/san-pham\/banh-thuong-cho-cho-xuong-da-bo-doggyman\/\" \/>\n<meta property=\"og:site_name\" content=\"PETPARADISE\" \/>\n<meta property=\"article:modified_time\" content=\"2026-03-26T11:55:20+00:00\" \/>\n<meta property=\"og:image\" content=\"https:\/\/petparadise.azdigi.shop\/wp-content\/uploads\/2026\/03\/xuong.webp\" \/>\n\t<meta property=\"og:image:width\" content=\"800\" \/>\n\t<meta property=\"og:image:height\" content=\"800\" \/>\n\t<meta property=\"og:image:type\" content=\"image\/webp\" \/>\n<meta name=\"twitter:card\" content=\"summary_large_image\" \/>\n<meta name=\"twitter:label1\" content=\"\u01af\u1edbc t\u00ednh th\u1eddi gian \u0111\u1ecdc\" \/>\n\t<meta name=\"twitter:data1\" content=\"2 ph\u00fat\" \/>\n<script type=\"application\/ld+json\" class=\"yoast-schema-graph\">{\"@context\":\"https:\/\/schema.org\",\"@graph\":[{\"@type\":\"WebPage\",\"@id\":\"https:\/\/petparadise.azdigi.shop\/index.php\/san-pham\/banh-thuong-cho-cho-xuong-da-bo-doggyman\/\",\"url\":\"https:\/\/petparadise.azdigi.shop\/index.php\/san-pham\/banh-thuong-cho-cho-xuong-da-bo-doggyman\/\",\"name\":\"B\u00e1nh Th\u01b0\u1edfng Cho Ch\u00f3 X\u01b0\u01a1ng Da B\u00f2 DoggyMan - PETPARADISE\",\"isPartOf\":{\"@id\":\"https:\/\/petparadise.azdigi.shop\/#website\"},\"primaryImageOfPage\":{\"@id\":\"https:\/\/petparadise.azdigi.shop\/index.php\/san-pham\/banh-thuong-cho-cho-xuong-da-bo-doggyman\/#primaryimage\"},\"image\":{\"@id\":\"https:\/\/petparadise.azdigi.shop\/index.php\/san-pham\/banh-thuong-cho-cho-xuong-da-bo-doggyman\/#primaryimage\"},\"thumbnailUrl\":\"https:\/\/petparadise.azdigi.shop\/wp-content\/uploads\/2026\/03\/xuong.webp\",\"datePublished\":\"2026-03-19T09:51:43+00:00\",\"dateModified\":\"2026-03-26T11:55:20+00:00\",\"description\":\"X\u01b0\u01a1ng da b\u00f2 DoggyMan \u2013 B\u00e1nh th\u01b0\u1edfng cao c\u1ea5p t\u1eeb Nh\u1eadt B\u1ea3n gi\u00fap c\u00fan s\u1ea1ch r\u0103ng, th\u01a1m mi\u1ec7ng v\u00e0 gi\u1ea3m stress hi\u1ec7u qu\u1ea3 100% da b\u00f2 t\u1ef1 nhi\u00ean, an to\u00e0n, gi\u00e0u dinh d\u01b0\u1ee1ng.\",\"breadcrumb\":{\"@id\":\"https:\/\/petparadise.azdigi.shop\/index.php\/san-pham\/banh-thuong-cho-cho-xuong-da-bo-doggyman\/#breadcrumb\"},\"inLanguage\":\"vi\",\"potentialAction\":[{\"@type\":\"ReadAction\",\"target\":[\"https:\/\/petparadise.azdigi.shop\/index.php\/san-pham\/banh-thuong-cho-cho-xuong-da-bo-doggyman\/\"]}]},{\"@type\":\"ImageObject\",\"inLanguage\":\"vi\",\"@id\":\"https:\/\/petparadise.azdigi.shop\/index.php\/san-pham\/banh-thuong-cho-cho-xuong-da-bo-doggyman\/#primaryimage\",\"url\":\"https:\/\/petparadise.azdigi.shop\/wp-content\/uploads\/2026\/03\/xuong.webp\",\"contentUrl\":\"https:\/\/petparadise.azdigi.shop\/wp-content\/uploads\/2026\/03\/xuong.webp\",\"width\":800,\"height\":800},{\"@type\":\"BreadcrumbList\",\"@id\":\"https:\/\/petparadise.azdigi.shop\/index.php\/san-pham\/banh-thuong-cho-cho-xuong-da-bo-doggyman\/#breadcrumb\",\"itemListElement\":[{\"@type\":\"ListItem\",\"position\":1,\"name\":\"Trang ch\u1ee7\",\"item\":\"https:\/\/petparadise.azdigi.shop\/\"},{\"@type\":\"ListItem\",\"position\":2,\"name\":\"Mua s\u1eafm\",\"item\":\"https:\/\/petparadise.azdigi.shop\/index.php\/mua-sam-2\/\"},{\"@type\":\"ListItem\",\"position\":3,\"name\":\"B\u00e1nh Th\u01b0\u1edfng Cho Ch\u00f3 X\u01b0\u01a1ng Da B\u00f2 DoggyMan\"}]},{\"@type\":\"WebSite\",\"@id\":\"https:\/\/petparadise.azdigi.shop\/#website\",\"url\":\"https:\/\/petparadise.azdigi.shop\/\",\"name\":\"PETPARADISE\",\"description\":\"\",\"potentialAction\":[{\"@type\":\"SearchAction\",\"target\":{\"@type\":\"EntryPoint\",\"urlTemplate\":\"https:\/\/petparadise.azdigi.shop\/?s={search_term_string}\"},\"query-input\":{\"@type\":\"PropertyValueSpecification\",\"valueRequired\":true,\"valueName\":\"search_term_string\"}}],\"inLanguage\":\"vi\"}]}<\/script>\n<!-- \/ Yoast SEO plugin. -->","yoast_head_json":{"title":"B\u00e1nh Th\u01b0\u1edfng Cho Ch\u00f3 X\u01b0\u01a1ng Da B\u00f2 DoggyMan - PETPARADISE","description":"X\u01b0\u01a1ng da b\u00f2 DoggyMan \u2013 B\u00e1nh th\u01b0\u1edfng cao c\u1ea5p t\u1eeb Nh\u1eadt B\u1ea3n gi\u00fap c\u00fan s\u1ea1ch r\u0103ng, th\u01a1m mi\u1ec7ng v\u00e0 gi\u1ea3m stress hi\u1ec7u qu\u1ea3 100% da b\u00f2 t\u1ef1 nhi\u00ean, an to\u00e0n, gi\u00e0u dinh d\u01b0\u1ee1ng.","robots":{"index":"index","follow":"follow","max-snippet":"max-snippet:-1","max-image-preview":"max-image-preview:large","max-video-preview":"max-video-preview:-1"},"canonical":"https:\/\/petparadise.azdigi.shop\/index.php\/san-pham\/banh-thuong-cho-cho-xuong-da-bo-doggyman\/","og_locale":"vi_VN","og_type":"article","og_title":"B\u00e1nh Th\u01b0\u1edfng Cho Ch\u00f3 X\u01b0\u01a1ng Da B\u00f2 DoggyMan - PETPARADISE","og_description":"X\u01b0\u01a1ng da b\u00f2 DoggyMan \u2013 B\u00e1nh th\u01b0\u1edfng cao c\u1ea5p t\u1eeb Nh\u1eadt B\u1ea3n gi\u00fap c\u00fan s\u1ea1ch r\u0103ng, th\u01a1m mi\u1ec7ng v\u00e0 gi\u1ea3m stress hi\u1ec7u qu\u1ea3 100% da b\u00f2 t\u1ef1 nhi\u00ean, an to\u00e0n, gi\u00e0u dinh d\u01b0\u1ee1ng.","og_url":"https:\/\/petparadise.azdigi.shop\/index.php\/san-pham\/banh-thuong-cho-cho-xuong-da-bo-doggyman\/","og_site_name":"PETPARADISE","article_modified_time":"2026-03-26T11:55:20+00:00","og_image":[{"width":800,"height":800,"url":"https:\/\/petparadise.azdigi.shop\/wp-content\/uploads\/2026\/03\/xuong.webp","type":"image\/webp"}],"twitter_card":"summary_large_image","twitter_misc":{"\u01af\u1edbc t\u00ednh th\u1eddi gian \u0111\u1ecdc":"2 ph\u00fat"},"schema":{"@context":"https:\/\/schema.org","@graph":[{"@type":"WebPage","@id":"https:\/\/petparadise.azdigi.shop\/index.php\/san-pham\/banh-thuong-cho-cho-xuong-da-bo-doggyman\/","url":"https:\/\/petparadise.azdigi.shop\/index.php\/san-pham\/banh-thuong-cho-cho-xuong-da-bo-doggyman\/","name":"B\u00e1nh Th\u01b0\u1edfng Cho Ch\u00f3 X\u01b0\u01a1ng Da B\u00f2 DoggyMan - PETPARADISE","isPartOf":{"@id":"https:\/\/petparadise.azdigi.shop\/#website"},"primaryImageOfPage":{"@id":"https:\/\/petparadise.azdigi.shop\/index.php\/san-pham\/banh-thuong-cho-cho-xuong-da-bo-doggyman\/#primaryimage"},"image":{"@id":"https:\/\/petparadise.azdigi.shop\/index.php\/san-pham\/banh-thuong-cho-cho-xuong-da-bo-doggyman\/#primaryimage"},"thumbnailUrl":"https:\/\/petparadise.azdigi.shop\/wp-content\/uploads\/2026\/03\/xuong.webp","datePublished":"2026-03-19T09:51:43+00:00","dateModified":"2026-03-26T11:55:20+00:00","description":"X\u01b0\u01a1ng da b\u00f2 DoggyMan \u2013 B\u00e1nh th\u01b0\u1edfng cao c\u1ea5p t\u1eeb Nh\u1eadt B\u1ea3n gi\u00fap c\u00fan s\u1ea1ch r\u0103ng, th\u01a1m mi\u1ec7ng v\u00e0 gi\u1ea3m stress hi\u1ec7u qu\u1ea3 100% da b\u00f2 t\u1ef1 nhi\u00ean, an to\u00e0n, gi\u00e0u dinh d\u01b0\u1ee1ng.","breadcrumb":{"@id":"https:\/\/petparadise.azdigi.shop\/index.php\/san-pham\/banh-thuong-cho-cho-xuong-da-bo-doggyman\/#breadcrumb"},"inLanguage":"vi","potentialAction":[{"@type":"ReadAction","target":["https:\/\/petparadise.azdigi.shop\/index.php\/san-pham\/banh-thuong-cho-cho-xuong-da-bo-doggyman\/"]}]},{"@type":"ImageObject","inLanguage":"vi","@id":"https:\/\/petparadise.azdigi.shop\/index.php\/san-pham\/banh-thuong-cho-cho-xuong-da-bo-doggyman\/#primaryimage","url":"https:\/\/petparadise.azdigi.shop\/wp-content\/uploads\/2026\/03\/xuong.webp","contentUrl":"https:\/\/petparadise.azdigi.shop\/wp-content\/uploads\/2026\/03\/xuong.webp","width":800,"height":800},{"@type":"BreadcrumbList","@id":"https:\/\/petparadise.azdigi.shop\/index.php\/san-pham\/banh-thuong-cho-cho-xuong-da-bo-doggyman\/#breadcrumb","itemListElement":[{"@type":"ListItem","position":1,"name":"Trang ch\u1ee7","item":"https:\/\/petparadise.azdigi.shop\/"},{"@type":"ListItem","position":2,"name":"Mua s\u1eafm","item":"https:\/\/petparadise.azdigi.shop\/index.php\/mua-sam-2\/"},{"@type":"ListItem","position":3,"name":"B\u00e1nh Th\u01b0\u1edfng Cho Ch\u00f3 X\u01b0\u01a1ng Da B\u00f2 DoggyMan"}]},{"@type":"WebSite","@id":"https:\/\/petparadise.azdigi.shop\/#website","url":"https:\/\/petparadise.azdigi.shop\/","name":"PETPARADISE","description":"","potentialAction":[{"@type":"SearchAction","target":{"@type":"EntryPoint","urlTemplate":"https:\/\/petparadise.azdigi.shop\/?s={search_term_string}"},"query-input":{"@type":"PropertyValueSpecification","valueRequired":true,"valueName":"search_term_string"}}],"inLanguage":"vi"}]}},"_links":{"self":[{"href":"https:\/\/petparadise.azdigi.shop\/index.php\/wp-json\/wp\/v2\/product\/208","targetHints":{"allow":["GET"]}}],"collection":[{"href":"https:\/\/petparadise.azdigi.shop\/index.php\/wp-json\/wp\/v2\/product"}],"about":[{"href":"https:\/\/petparadise.azdigi.shop\/index.php\/wp-json\/wp\/v2\/types\/product"}],"replies":[{"embeddable":true,"href":"https:\/\/petparadise.azdigi.shop\/index.php\/wp-json\/wp\/v2\/comments?post=208"}],"wp:featuredmedia":[{"embeddable":true,"href":"https:\/\/petparadise.azdigi.shop\/index.php\/wp-json\/wp\/v2\/media\/209"}],"wp:attachment":[{"href":"https:\/\/petparadise.azdigi.shop\/index.php\/wp-json\/wp\/v2\/media?parent=208"}],"wp:term":[{"taxonomy":"product_brand","embeddable":true,"href":"https:\/\/petparadise.azdigi.shop\/index.php\/wp-json\/wp\/v2\/product_brand?post=208"},{"taxonomy":"product_cat","embeddable":true,"href":"https:\/\/petparadise.azdigi.shop\/index.php\/wp-json\/wp\/v2\/product_cat?post=208"},{"taxonomy":"product_tag","embeddable":true,"href":"https:\/\/petparadise.azdigi.shop\/index.php\/wp-json\/wp\/v2\/product_tag?post=208"}],"curies":[{"name":"wp","href":"https:\/\/api.w.org\/{rel}","templated":true}]}}