{"id":324,"date":"2026-04-01T11:49:35","date_gmt":"2026-04-01T11:49:35","guid":{"rendered":"https:\/\/petparadise.azdigi.shop\/?post_type=product&#038;p=324"},"modified":"2026-04-01T12:19:35","modified_gmt":"2026-04-01T12:19:35","slug":"ba-lo-cao-cap","status":"publish","type":"product","link":"https:\/\/petparadise.azdigi.shop\/index.php\/san-pham\/ba-lo-cao-cap\/","title":{"rendered":"Balo da cao c\u1ea5p Burberry cho ch\u00f3 m\u00e8o"},"content":{"rendered":"<h2 data-path-to-node=\"11\">\u0110\u1eb2NG C\u1ea4P V\u1eacN CHUY\u1ec2N V\u1edaI BALO DA CAO C\u1ea4P BURBERRY CHO CH\u00d3 M\u00c8O<\/h2>\n<p data-path-to-node=\"12\"><b data-path-to-node=\"12\" data-index-in-node=\"0\">Balo da cao c\u1ea5p Burberry cho ch\u00f3 m\u00e8o<\/b> l\u00e0 l\u1ef1a ch\u1ecdn h\u00e0ng \u0111\u1ea7u c\u1ee7a ch\u1ee7 nu\u00f4i hi\u1ec7n \u0111\u1ea1i. S\u1ea3n ph\u1ea9m c\u00f3 k\u00edch th\u01b0\u1edbc ti\u00eau chu\u1ea9n 37x32x28 cm. \u0110\u00e2y kh\u00f4ng ch\u1ec9 l\u00e0 t\u00fai v\u1eadn chuy\u1ec3n th\u00f4ng th\u01b0\u1eddng. N\u00f3 c\u00f2n l\u00e0 m\u00f3n \u0111\u1ed3 th\u1eddi trang kh\u1eb3ng \u0111\u1ecbnh \u0111\u1eb3ng c\u1ea5p c\u1ee7a b\u1ea1n.<\/p>\n<h3 data-path-to-node=\"13\">Ch\u1ea5t li\u1ec7u da th\u01b0\u1ee3ng h\u1ea1ng v\u00e0 \u0111\u1ed9 b\u1ec1n cao<\/h3>\n<p data-path-to-node=\"14\">S\u1ea3n ph\u1ea9m l\u00e0m t\u1eeb da t\u1ed5ng h\u1ee3p d\u00e0y d\u1eb7n. Ch\u1ea5t li\u1ec7u n\u00e0y gi\u00fap ch\u1ed1ng th\u1ea5m n\u01b0\u1edbc v\u00e0 ch\u1ed1ng tr\u1ea7y x\u01b0\u1edbc hi\u1ec7u qu\u1ea3. B\u1ec1 m\u1eb7t da in h\u1ecda ti\u1ebft caro tinh t\u1ebf. B\u1ea1n c\u00f3 th\u1ec3 d\u1ec5 d\u00e0ng lau ch\u00f9i khi balo b\u00e1m b\u1ea9n. Khung balo gia c\u1ed1 ch\u1eafc ch\u1eafn v\u00e0 kh\u00f4ng b\u1ecb bi\u1ebfn d\u1ea1ng. N\u00f3 b\u1ea3o v\u1ec7 th\u00fa c\u01b0ng an to\u00e0n tr\u01b0\u1edbc m\u1ecdi va ch\u1ea1m.<\/p>\n<h3 data-path-to-node=\"15\">Thi\u1ebft k\u1ebf t\u1ed1i \u01b0u s\u1ef1 tho\u1ea3i m\u00e1i<\/h3>\n<p data-path-to-node=\"16\">S\u1ea3n ph\u1ea9m \u0111\u1ea3m b\u1ea3o s\u1ef1 th\u00f4ng tho\u00e1ng tuy\u1ec7t \u0111\u1ed1i. H\u1ec7 th\u1ed1ng l\u1ed7 tho\u00e1t kh\u00ed \u0111\u01b0\u1ee3c b\u1ed1 tr\u00ed khoa h\u1ecdc quanh th\u00e2n balo. Kh\u00f4ng gian b\u00ean trong r\u1ea5t r\u1ed9ng r\u00e3i. Ch\u00f3 m\u00e8o c\u00f3 th\u1ec3 xoay ng\u01b0\u1eddi ho\u1eb7c n\u1eb1m tho\u1ea3i m\u00e1i. T\u1ea5m l\u00f3t \u0111\u00e1y c\u1ee9ng c\u00e1p gi\u00fap th\u00fa c\u01b0ng c\u00f3 \u0111i\u1ec3m t\u1ef1a v\u1eefng ch\u00e3i. \u0110i\u1ec1u n\u00e0y gi\u1ea3m t\u00ecnh tr\u1ea1ng say xe v\u00e0 lo \u00e2u cho v\u1eadt nu\u00f4i.<\/p>\n<h3 data-path-to-node=\"17\">T\u00ednh n\u0103ng an to\u00e0n cho ng\u01b0\u1eddi d\u00f9ng<\/h3>\n<p data-path-to-node=\"18\">Quai \u0111eo thi\u1ebft k\u1ebf b\u1ea3n r\u1ed9ng v\u1edbi \u0111\u1ec7m tho\u00e1ng kh\u00ed. N\u00f3 gi\u00fap ph\u00e2n b\u1ed5 tr\u1ecdng l\u01b0\u1ee3ng \u0111\u1ec1u l\u00ean vai. B\u1ea1n s\u1ebd gi\u1ea3m thi\u1ec3u m\u1ec7t m\u1ecfi khi di chuy\u1ec3n xa. B\u00ean trong balo c\u00f3 s\u1eb5n d\u00e2y m\u00f3c an to\u00e0n. N\u00f3 ng\u0103n th\u00fa c\u01b0ng nh\u1ea3y ra ngo\u00e0i \u0111\u1ed9t ng\u1ed9t. \u0110\u00e2y l\u00e0 gi\u1ea3i ph\u00e1p l\u00fd t\u01b0\u1edfng khi \u0111i b\u00e1c s\u0129 ho\u1eb7c d\u1ea1o ph\u1ed1.<\/p>\n<h3 data-path-to-node=\"19\">Th\u00f4ng s\u1ed1 k\u1ef9 thu\u1eadt chi ti\u1ebft<\/h3>\n<ul data-path-to-node=\"20\">\n<li>\n<p data-path-to-node=\"20,0,0\"><b data-path-to-node=\"20,0,0\" data-index-in-node=\"0\">T\u00ean s\u1ea3n ph\u1ea9m:<\/b> Balo da v\u1eadn chuy\u1ec3n Burberry.<\/p>\n<\/li>\n<li>\n<p data-path-to-node=\"20,1,0\"><b data-path-to-node=\"20,1,0\" data-index-in-node=\"0\">K\u00edch th\u01b0\u1edbc:<\/b> 37cm x 32cm x 28cm.<\/p>\n<\/li>\n<li>\n<p data-path-to-node=\"20,2,0\"><b data-path-to-node=\"20,2,0\" data-index-in-node=\"0\">T\u1ea3i tr\u1ecdng:<\/b> T\u1ed1i \u0111a 7kg.<\/p>\n<\/li>\n<\/ul>\n<hr data-path-to-node=\"21\" \/>\n<h3 data-path-to-node=\"22\">\ud83d\uded2 MUA H\u00c0NG T\u1ea0I PET PARADISE<\/h3>\n<p data-path-to-node=\"23\">\ud83d\udccd <b data-path-to-node=\"23\" data-index-in-node=\"3\">\u0110\u1ecba ch\u1ec9:10,Nguy\u1ec5n V\u0103n Dung,Ph\u01b0\u1eddng 6,G\u00f2 V\u1ea5p,TP.HCM<\/b><\/p>\n<p data-path-to-node=\"23\">\ud83d\udcde <b data-path-to-node=\"23\" data-index-in-node=\"33\">Hotline\/Zalo:<a href=\"http:\/\/0776550001\"> 0776550001<\/a><\/b><\/p>\n","protected":false},"excerpt":{"rendered":"<p><b data-path-to-node=\"7\" data-index-in-node=\"0\">Balo da cao c\u1ea5p Burberry cho ch\u00f3 m\u00e8o<\/b> l\u00e0 s\u1ef1 k\u1ebft h\u1ee3p gi\u1eefa th\u1eddi trang v\u00e0 ti\u1ec7n d\u1ee5ng. Ch\u1ea5t li\u1ec7u da t\u1ed5ng h\u1ee3p gi\u00fap ch\u1ed1ng th\u1ea5m v\u00e0 d\u1ec5 v\u1ec7 sinh.<\/p>\n","protected":false},"featured_media":325,"comment_status":"open","ping_status":"closed","template":"","meta":[],"product_brand":[],"product_cat":[34],"product_tag":[],"class_list":{"0":"post-324","1":"product","2":"type-product","3":"status-publish","4":"has-post-thumbnail","6":"product_cat-phu-kien-giai-tri","8":"first","9":"instock","10":"sale","11":"shipping-taxable","12":"purchasable","13":"product-type-simple"},"yoast_head":"<!-- This site is optimized with the Yoast SEO plugin v26.8 - https:\/\/yoast.com\/product\/yoast-seo-wordpress\/ -->\n<title>Balo da cao c\u1ea5p Burberry cho ch\u00f3 m\u00e8o - PETPARADISE<\/title>\n<meta name=\"description\" content=\"Balo da cao c\u1ea5p Burberry cho ch\u00f3 m\u00e8o sang tr\u1ecdng v\u00e0 b\u1ec1n b\u1ec9, thi\u1ebft k\u1ebf th\u00f4ng tho\u00e1ng, an to\u00e0n tuy\u1ec7t \u0111\u1ed1i cho th\u00fa c\u01b0ng. Mua ngay t\u1ea1i Pet Paradise \u0111\u1ec3 nh\u1eadn \u01b0u \u0111\u00e3i.\" \/>\n<meta name=\"robots\" content=\"index, follow, max-snippet:-1, max-image-preview:large, max-video-preview:-1\" \/>\n<link rel=\"canonical\" href=\"https:\/\/petparadise.azdigi.shop\/index.php\/san-pham\/ba-lo-cao-cap\/\" \/>\n<meta property=\"og:locale\" content=\"vi_VN\" \/>\n<meta property=\"og:type\" content=\"article\" \/>\n<meta property=\"og:title\" content=\"Balo da cao c\u1ea5p Burberry cho ch\u00f3 m\u00e8o - PETPARADISE\" \/>\n<meta property=\"og:description\" content=\"Balo da cao c\u1ea5p Burberry cho ch\u00f3 m\u00e8o sang tr\u1ecdng v\u00e0 b\u1ec1n b\u1ec9, thi\u1ebft k\u1ebf th\u00f4ng tho\u00e1ng, an to\u00e0n tuy\u1ec7t \u0111\u1ed1i cho th\u00fa c\u01b0ng. Mua ngay t\u1ea1i Pet Paradise \u0111\u1ec3 nh\u1eadn \u01b0u \u0111\u00e3i.\" \/>\n<meta property=\"og:url\" content=\"https:\/\/petparadise.azdigi.shop\/index.php\/san-pham\/ba-lo-cao-cap\/\" \/>\n<meta property=\"og:site_name\" content=\"PETPARADISE\" \/>\n<meta property=\"article:modified_time\" content=\"2026-04-01T12:19:35+00:00\" \/>\n<meta property=\"og:image\" content=\"https:\/\/petparadise.azdigi.shop\/wp-content\/uploads\/2026\/04\/113.jpg\" \/>\n\t<meta property=\"og:image:width\" content=\"800\" \/>\n\t<meta property=\"og:image:height\" content=\"800\" \/>\n\t<meta property=\"og:image:type\" content=\"image\/jpeg\" \/>\n<meta name=\"twitter:card\" content=\"summary_large_image\" \/>\n<meta name=\"twitter:label1\" content=\"\u01af\u1edbc t\u00ednh th\u1eddi gian \u0111\u1ecdc\" \/>\n\t<meta name=\"twitter:data1\" content=\"2 ph\u00fat\" \/>\n<script type=\"application\/ld+json\" class=\"yoast-schema-graph\">{\"@context\":\"https:\/\/schema.org\",\"@graph\":[{\"@type\":\"WebPage\",\"@id\":\"https:\/\/petparadise.azdigi.shop\/index.php\/san-pham\/ba-lo-cao-cap\/\",\"url\":\"https:\/\/petparadise.azdigi.shop\/index.php\/san-pham\/ba-lo-cao-cap\/\",\"name\":\"Balo da cao c\u1ea5p Burberry cho ch\u00f3 m\u00e8o - PETPARADISE\",\"isPartOf\":{\"@id\":\"https:\/\/petparadise.azdigi.shop\/#website\"},\"primaryImageOfPage\":{\"@id\":\"https:\/\/petparadise.azdigi.shop\/index.php\/san-pham\/ba-lo-cao-cap\/#primaryimage\"},\"image\":{\"@id\":\"https:\/\/petparadise.azdigi.shop\/index.php\/san-pham\/ba-lo-cao-cap\/#primaryimage\"},\"thumbnailUrl\":\"https:\/\/petparadise.azdigi.shop\/wp-content\/uploads\/2026\/04\/113.jpg\",\"datePublished\":\"2026-04-01T11:49:35+00:00\",\"dateModified\":\"2026-04-01T12:19:35+00:00\",\"description\":\"Balo da cao c\u1ea5p Burberry cho ch\u00f3 m\u00e8o sang tr\u1ecdng v\u00e0 b\u1ec1n b\u1ec9, thi\u1ebft k\u1ebf th\u00f4ng tho\u00e1ng, an to\u00e0n tuy\u1ec7t \u0111\u1ed1i cho th\u00fa c\u01b0ng. Mua ngay t\u1ea1i Pet Paradise \u0111\u1ec3 nh\u1eadn \u01b0u \u0111\u00e3i.\",\"breadcrumb\":{\"@id\":\"https:\/\/petparadise.azdigi.shop\/index.php\/san-pham\/ba-lo-cao-cap\/#breadcrumb\"},\"inLanguage\":\"vi\",\"potentialAction\":[{\"@type\":\"ReadAction\",\"target\":[\"https:\/\/petparadise.azdigi.shop\/index.php\/san-pham\/ba-lo-cao-cap\/\"]}]},{\"@type\":\"ImageObject\",\"inLanguage\":\"vi\",\"@id\":\"https:\/\/petparadise.azdigi.shop\/index.php\/san-pham\/ba-lo-cao-cap\/#primaryimage\",\"url\":\"https:\/\/petparadise.azdigi.shop\/wp-content\/uploads\/2026\/04\/113.jpg\",\"contentUrl\":\"https:\/\/petparadise.azdigi.shop\/wp-content\/uploads\/2026\/04\/113.jpg\",\"width\":800,\"height\":800},{\"@type\":\"BreadcrumbList\",\"@id\":\"https:\/\/petparadise.azdigi.shop\/index.php\/san-pham\/ba-lo-cao-cap\/#breadcrumb\",\"itemListElement\":[{\"@type\":\"ListItem\",\"position\":1,\"name\":\"Trang ch\u1ee7\",\"item\":\"https:\/\/petparadise.azdigi.shop\/\"},{\"@type\":\"ListItem\",\"position\":2,\"name\":\"Mua s\u1eafm\",\"item\":\"https:\/\/petparadise.azdigi.shop\/index.php\/mua-sam-2\/\"},{\"@type\":\"ListItem\",\"position\":3,\"name\":\"Balo da cao c\u1ea5p Burberry cho ch\u00f3 m\u00e8o\"}]},{\"@type\":\"WebSite\",\"@id\":\"https:\/\/petparadise.azdigi.shop\/#website\",\"url\":\"https:\/\/petparadise.azdigi.shop\/\",\"name\":\"PETPARADISE\",\"description\":\"\",\"potentialAction\":[{\"@type\":\"SearchAction\",\"target\":{\"@type\":\"EntryPoint\",\"urlTemplate\":\"https:\/\/petparadise.azdigi.shop\/?s={search_term_string}\"},\"query-input\":{\"@type\":\"PropertyValueSpecification\",\"valueRequired\":true,\"valueName\":\"search_term_string\"}}],\"inLanguage\":\"vi\"}]}<\/script>\n<!-- \/ Yoast SEO plugin. -->","yoast_head_json":{"title":"Balo da cao c\u1ea5p Burberry cho ch\u00f3 m\u00e8o - PETPARADISE","description":"Balo da cao c\u1ea5p Burberry cho ch\u00f3 m\u00e8o sang tr\u1ecdng v\u00e0 b\u1ec1n b\u1ec9, thi\u1ebft k\u1ebf th\u00f4ng tho\u00e1ng, an to\u00e0n tuy\u1ec7t \u0111\u1ed1i cho th\u00fa c\u01b0ng. Mua ngay t\u1ea1i Pet Paradise \u0111\u1ec3 nh\u1eadn \u01b0u \u0111\u00e3i.","robots":{"index":"index","follow":"follow","max-snippet":"max-snippet:-1","max-image-preview":"max-image-preview:large","max-video-preview":"max-video-preview:-1"},"canonical":"https:\/\/petparadise.azdigi.shop\/index.php\/san-pham\/ba-lo-cao-cap\/","og_locale":"vi_VN","og_type":"article","og_title":"Balo da cao c\u1ea5p Burberry cho ch\u00f3 m\u00e8o - PETPARADISE","og_description":"Balo da cao c\u1ea5p Burberry cho ch\u00f3 m\u00e8o sang tr\u1ecdng v\u00e0 b\u1ec1n b\u1ec9, thi\u1ebft k\u1ebf th\u00f4ng tho\u00e1ng, an to\u00e0n tuy\u1ec7t \u0111\u1ed1i cho th\u00fa c\u01b0ng. Mua ngay t\u1ea1i Pet Paradise \u0111\u1ec3 nh\u1eadn \u01b0u \u0111\u00e3i.","og_url":"https:\/\/petparadise.azdigi.shop\/index.php\/san-pham\/ba-lo-cao-cap\/","og_site_name":"PETPARADISE","article_modified_time":"2026-04-01T12:19:35+00:00","og_image":[{"width":800,"height":800,"url":"https:\/\/petparadise.azdigi.shop\/wp-content\/uploads\/2026\/04\/113.jpg","type":"image\/jpeg"}],"twitter_card":"summary_large_image","twitter_misc":{"\u01af\u1edbc t\u00ednh th\u1eddi gian \u0111\u1ecdc":"2 ph\u00fat"},"schema":{"@context":"https:\/\/schema.org","@graph":[{"@type":"WebPage","@id":"https:\/\/petparadise.azdigi.shop\/index.php\/san-pham\/ba-lo-cao-cap\/","url":"https:\/\/petparadise.azdigi.shop\/index.php\/san-pham\/ba-lo-cao-cap\/","name":"Balo da cao c\u1ea5p Burberry cho ch\u00f3 m\u00e8o - PETPARADISE","isPartOf":{"@id":"https:\/\/petparadise.azdigi.shop\/#website"},"primaryImageOfPage":{"@id":"https:\/\/petparadise.azdigi.shop\/index.php\/san-pham\/ba-lo-cao-cap\/#primaryimage"},"image":{"@id":"https:\/\/petparadise.azdigi.shop\/index.php\/san-pham\/ba-lo-cao-cap\/#primaryimage"},"thumbnailUrl":"https:\/\/petparadise.azdigi.shop\/wp-content\/uploads\/2026\/04\/113.jpg","datePublished":"2026-04-01T11:49:35+00:00","dateModified":"2026-04-01T12:19:35+00:00","description":"Balo da cao c\u1ea5p Burberry cho ch\u00f3 m\u00e8o sang tr\u1ecdng v\u00e0 b\u1ec1n b\u1ec9, thi\u1ebft k\u1ebf th\u00f4ng tho\u00e1ng, an to\u00e0n tuy\u1ec7t \u0111\u1ed1i cho th\u00fa c\u01b0ng. Mua ngay t\u1ea1i Pet Paradise \u0111\u1ec3 nh\u1eadn \u01b0u \u0111\u00e3i.","breadcrumb":{"@id":"https:\/\/petparadise.azdigi.shop\/index.php\/san-pham\/ba-lo-cao-cap\/#breadcrumb"},"inLanguage":"vi","potentialAction":[{"@type":"ReadAction","target":["https:\/\/petparadise.azdigi.shop\/index.php\/san-pham\/ba-lo-cao-cap\/"]}]},{"@type":"ImageObject","inLanguage":"vi","@id":"https:\/\/petparadise.azdigi.shop\/index.php\/san-pham\/ba-lo-cao-cap\/#primaryimage","url":"https:\/\/petparadise.azdigi.shop\/wp-content\/uploads\/2026\/04\/113.jpg","contentUrl":"https:\/\/petparadise.azdigi.shop\/wp-content\/uploads\/2026\/04\/113.jpg","width":800,"height":800},{"@type":"BreadcrumbList","@id":"https:\/\/petparadise.azdigi.shop\/index.php\/san-pham\/ba-lo-cao-cap\/#breadcrumb","itemListElement":[{"@type":"ListItem","position":1,"name":"Trang ch\u1ee7","item":"https:\/\/petparadise.azdigi.shop\/"},{"@type":"ListItem","position":2,"name":"Mua s\u1eafm","item":"https:\/\/petparadise.azdigi.shop\/index.php\/mua-sam-2\/"},{"@type":"ListItem","position":3,"name":"Balo da cao c\u1ea5p Burberry cho ch\u00f3 m\u00e8o"}]},{"@type":"WebSite","@id":"https:\/\/petparadise.azdigi.shop\/#website","url":"https:\/\/petparadise.azdigi.shop\/","name":"PETPARADISE","description":"","potentialAction":[{"@type":"SearchAction","target":{"@type":"EntryPoint","urlTemplate":"https:\/\/petparadise.azdigi.shop\/?s={search_term_string}"},"query-input":{"@type":"PropertyValueSpecification","valueRequired":true,"valueName":"search_term_string"}}],"inLanguage":"vi"}]}},"_links":{"self":[{"href":"https:\/\/petparadise.azdigi.shop\/index.php\/wp-json\/wp\/v2\/product\/324","targetHints":{"allow":["GET"]}}],"collection":[{"href":"https:\/\/petparadise.azdigi.shop\/index.php\/wp-json\/wp\/v2\/product"}],"about":[{"href":"https:\/\/petparadise.azdigi.shop\/index.php\/wp-json\/wp\/v2\/types\/product"}],"replies":[{"embeddable":true,"href":"https:\/\/petparadise.azdigi.shop\/index.php\/wp-json\/wp\/v2\/comments?post=324"}],"wp:featuredmedia":[{"embeddable":true,"href":"https:\/\/petparadise.azdigi.shop\/index.php\/wp-json\/wp\/v2\/media\/325"}],"wp:attachment":[{"href":"https:\/\/petparadise.azdigi.shop\/index.php\/wp-json\/wp\/v2\/media?parent=324"}],"wp:term":[{"taxonomy":"product_brand","embeddable":true,"href":"https:\/\/petparadise.azdigi.shop\/index.php\/wp-json\/wp\/v2\/product_brand?post=324"},{"taxonomy":"product_cat","embeddable":true,"href":"https:\/\/petparadise.azdigi.shop\/index.php\/wp-json\/wp\/v2\/product_cat?post=324"},{"taxonomy":"product_tag","embeddable":true,"href":"https:\/\/petparadise.azdigi.shop\/index.php\/wp-json\/wp\/v2\/product_tag?post=324"}],"curies":[{"name":"wp","href":"https:\/\/api.w.org\/{rel}","templated":true}]}}