{"id":338,"date":"2026-04-01T12:27:11","date_gmt":"2026-04-01T12:27:11","guid":{"rendered":"https:\/\/petparadise.azdigi.shop\/?post_type=product&#038;p=338"},"modified":"2026-04-01T12:34:53","modified_gmt":"2026-04-01T12:34:53","slug":"bat-an-cho-cho-meo-bang-nhua-nhieu-kieu-dang","status":"publish","type":"product","link":"https:\/\/petparadise.azdigi.shop\/index.php\/san-pham\/bat-an-cho-cho-meo-bang-nhua-nhieu-kieu-dang\/","title":{"rendered":"B\u00e1t \u0102n Cho Ch\u00f3 M\u00e8o B\u1eb1ng Nh\u1ef1a Nhi\u1ec1u Ki\u1ec3u D\u00e1ng"},"content":{"rendered":"<h1 data-path-to-node=\"10\">\ud83d\udc3e B\u00c1T \u0102N CHO CH\u00d3 M\u00c8O B\u1eb0NG NH\u1ef0A \u2013 \u0110A D\u1ea0NG KI\u1ec2U D\u00c1NG V\u00c0 M\u00c0U S\u1eaeC<\/h1>\n<p data-path-to-node=\"11\"><b data-path-to-node=\"11\" data-index-in-node=\"0\">B\u00e1t \u0103n cho ch\u00f3 m\u00e8o b\u1eb1ng nh\u1ef1a<\/b> mang l\u1ea1i s\u1ef1 ti\u1ec7n l\u1ee3i. S\u1ea3n ph\u1ea9m gi\u00fap b\u1eefa \u0103n c\u1ee7a th\u00fa c\u01b0ng s\u1ea1ch s\u1ebd h\u01a1n. V\u1edbi nhi\u1ec1u thi\u1ebft k\u1ebf m\u1edbi l\u1ea1, \u0111\u00e2y l\u00e0 l\u1ef1a ch\u1ecdn h\u00e0ng \u0111\u1ea7u hi\u1ec7n nay. B\u1ea1n c\u00f3 th\u1ec3 d\u1ec5 d\u00e0ng t\u00ecm th\u1ea5y m\u1eabu b\u00e1t ph\u00f9 h\u1ee3p t\u1ea1i <b data-path-to-node=\"11\" data-index-in-node=\"208\">Pet Paradise<\/b>.<\/p>\n<h3 data-path-to-node=\"12\">Ch\u1ea5t li\u1ec7u nh\u1ef1a PP an to\u00e0n v\u00e0 b\u1ec1n b\u1ec9<\/h3>\n<p data-path-to-node=\"13\">S\u1ea3n ph\u1ea9m \u0111\u01b0\u1ee3c l\u00e0m t\u1eeb nh\u1ef1a PP ch\u1ea5t l\u01b0\u1ee3ng cao. \u0110\u00e2y l\u00e0 lo\u1ea1i nh\u1ef1a an to\u00e0n cho th\u1ef1c ph\u1ea9m. N\u00f3 kh\u00f4ng ch\u1ee9a c\u00e1c ch\u1ea5t g\u00e2y h\u1ea1i cho s\u1ee9c kh\u1ecfe v\u1eadt nu\u00f4i. B\u00e1t nh\u1ef1a c\u00f3 \u0111\u1ed9 b\u1ec1n t\u1ed1t v\u00e0 ch\u1ecbu \u0111\u01b0\u1ee3c va \u0111\u1eadp. Tr\u1ecdng l\u01b0\u1ee3ng nh\u1eb9 gi\u00fap b\u1ea1n d\u1ec5 d\u00e0ng di chuy\u1ec3n b\u00e1t \u0103n.<\/p>\n<h3 data-path-to-node=\"14\">Ki\u1ec3u d\u00e1ng \u0111a d\u1ea1ng cho m\u1ecdi nhu c\u1ea7u<\/h3>\n<p data-path-to-node=\"15\">Ch\u00fang t\u00f4i cung c\u1ea5p nhi\u1ec1u lo\u1ea1i b\u00e1t \u0103n kh\u00e1c nhau. B\u00e1t \u0111\u01a1n truy\u1ec1n th\u1ed1ng d\u00e0nh cho nhu c\u1ea7u \u0103n u\u1ed1ng c\u01a1 b\u1ea3n. B\u00e1t \u0111\u00f4i ti\u1ec7n l\u1ee3i gi\u00fap \u0111\u1ef1ng c\u1ea3 th\u1ee9c \u0103n v\u00e0 n\u01b0\u1edbc u\u1ed1ng. \u0110\u1eb7c bi\u1ec7t, b\u00e1t ch\u1ed1ng ki\u1ebfn gi\u00fap b\u1ea3o v\u1ec7 th\u1ef1c ph\u1ea9m kh\u1ecfi c\u00f4n tr\u00f9ng. C\u00e1c g\u00f3c c\u1ea1nh \u0111\u01b0\u1ee3c bo tr\u00f2n \u0111\u1ec3 tr\u00e1nh g\u00e2y t\u1ed5n th\u01b0\u01a1ng.<\/p>\n<h3 data-path-to-node=\"16\">M\u00e0u s\u1eafc t\u01b0\u01a1i s\u00e1ng v\u00e0 d\u1ec5 d\u00e0ng v\u1ec7 sinh<\/h3>\n<p data-path-to-node=\"17\">B\u00e1t \u0103n c\u00f3 r\u1ea5t nhi\u1ec1u m\u00e0u s\u1eafc r\u1ef1c r\u1ee1. N\u00f3 gi\u00fap kh\u00f4ng gian s\u1ed1ng c\u1ee7a th\u00fa c\u01b0ng th\u00eam sinh \u0111\u1ed9ng. B\u1ec1 m\u1eb7t nh\u1ef1a nh\u1eb5n m\u1ecbn gi\u00fap vi\u1ec7c r\u1eeda b\u00e1t r\u1ea5t nhanh ch\u00f3ng. B\u1ea1n ch\u1ec9 c\u1ea7n d\u00f9ng n\u01b0\u1edbc s\u1ea1ch l\u00e0 c\u00f3 th\u1ec3 lo\u1ea1i b\u1ecf v\u1ebft b\u1ea9n. S\u1ea3n ph\u1ea9m kh\u00f4ng \u0111\u1ec3 l\u1ea1i m\u00f9i h\u00f4i sau khi s\u1eed d\u1ee5ng.<\/p>\n<h3 data-path-to-node=\"18\">Th\u00f4ng s\u1ed1 k\u1ef9 thu\u1eadt chi ti\u1ebft<\/h3>\n<ul data-path-to-node=\"19\">\n<li>\n<p data-path-to-node=\"19,0,0\"><b data-path-to-node=\"19,0,0\" data-index-in-node=\"0\">T\u00ean s\u1ea3n ph\u1ea9m:<\/b> B\u00e1t \u0103n nh\u1ef1a cho ch\u00f3 m\u00e8o.<\/p>\n<\/li>\n<li>\n<p data-path-to-node=\"19,1,0\"><b data-path-to-node=\"19,1,0\" data-index-in-node=\"0\">Ch\u1ea5t li\u1ec7u:<\/b> Nh\u1ef1a PP nguy\u00ean sinh b\u1ec1n \u0111\u1eb9p.<\/p>\n<\/li>\n<li>\n<p data-path-to-node=\"19,2,0\"><b data-path-to-node=\"19,2,0\" data-index-in-node=\"0\">Ph\u00e2n lo\u1ea1i:<\/b> B\u00e1t \u0111\u01a1n, b\u00e1t \u0111\u00f4i, b\u00e1t ch\u1ed1ng b\u00f2.<\/p>\n<\/li>\n<li>\n<p data-path-to-node=\"19,3,0\"><b data-path-to-node=\"19,3,0\" data-index-in-node=\"0\">K\u00edch th\u01b0\u1edbc:<\/b> \u0110\u1ea7y \u0111\u1ee7 size cho ch\u00f3 m\u00e8o nh\u1ecf \u0111\u1ebfn l\u1edbn.<\/p>\n<\/li>\n<\/ul>\n<hr data-path-to-node=\"20\" \/>\n<h3 data-path-to-node=\"21\">\ud83d\uded2 \u0110\u1eb6T H\u00c0NG NGAY T\u1ea0I PET PARADISE<\/h3>\n<p data-path-to-node=\"22\">H\u00e3y gh\u00e9 c\u1eeda h\u00e0ng \u0111\u1ec3 ch\u1ecdn m\u1eabu b\u00e1t \u01b0ng \u00fd nh\u1ea5t. Ch\u00fang t\u00f4i cam k\u1ebft ch\u1ea5t l\u01b0\u1ee3ng s\u1ea3n ph\u1ea9m lu\u00f4n d\u1eabn \u0111\u1ea7u. -&gt;&gt;<a href=\"http:\/\/0776550001\"><b data-path-to-node=\"23\" data-index-in-node=\"33\">Hotline<\/b><\/a><\/p>\n<p data-path-to-node=\"24\">#PetParadise #BatAnChoChoMeo #BatNhuaChoThuCung #PhuKienChoMeo #ChamSocThuCung #BatAnChongKien #PetFeedingBowl<\/p>\n","protected":false},"excerpt":{"rendered":"<p><b data-path-to-node=\"6\" data-index-in-node=\"0\">B\u00e1t \u0103n cho ch\u00f3 m\u00e8o b\u1eb1ng nh\u1ef1a<\/b> l\u00e0 ph\u1ee5 ki\u1ec7n thi\u1ebft y\u1ebfu h\u1eb1ng ng\u00e0y. S\u1ea3n ph\u1ea9m c\u00f3 thi\u1ebft k\u1ebf \u0111a d\u1ea1ng, ph\u00f9 h\u1ee3p cho c\u1ea3 ch\u00f3 v\u00e0 m\u00e8o.<\/p>\n","protected":false},"featured_media":341,"comment_status":"open","ping_status":"closed","template":"","meta":[],"product_brand":[],"product_cat":[34],"product_tag":[],"class_list":{"0":"post-338","1":"product","2":"type-product","3":"status-publish","4":"has-post-thumbnail","6":"product_cat-phu-kien-giai-tri","8":"first","9":"instock","10":"shipping-taxable","11":"purchasable","12":"product-type-variable"},"yoast_head":"<!-- This site is optimized with the Yoast SEO plugin v26.8 - https:\/\/yoast.com\/product\/yoast-seo-wordpress\/ -->\n<title>B\u00e1t \u0102n Cho Ch\u00f3 M\u00e8o B\u1eb1ng Nh\u1ef1a Nhi\u1ec1u Ki\u1ec3u D\u00e1ng - PETPARADISE<\/title>\n<meta name=\"description\" content=\"B\u00e1t \u0103n cho ch\u00f3 m\u00e8o b\u1eb1ng nh\u1ef1a nhi\u1ec1u ki\u1ec3u d\u00e1ng v\u00e0 m\u00e0u s\u1eafc. Ch\u1ea5t li\u1ec7u nh\u1ef1a PP an to\u00e0n, b\u1ec1n b\u1ec9 v\u00e0 d\u1ec5 d\u00e0ng v\u1ec7 sinh. S\u1ea3n ph\u1ea9m gi\u00e1 t\u1ed1t nh\u1ea5t t\u1ea1i Pet Paradise.\" \/>\n<meta name=\"robots\" content=\"index, follow, max-snippet:-1, max-image-preview:large, max-video-preview:-1\" \/>\n<link rel=\"canonical\" href=\"https:\/\/petparadise.azdigi.shop\/index.php\/san-pham\/bat-an-cho-cho-meo-bang-nhua-nhieu-kieu-dang\/\" \/>\n<meta property=\"og:locale\" content=\"vi_VN\" \/>\n<meta property=\"og:type\" content=\"article\" \/>\n<meta property=\"og:title\" content=\"B\u00e1t \u0102n Cho Ch\u00f3 M\u00e8o B\u1eb1ng Nh\u1ef1a Nhi\u1ec1u Ki\u1ec3u D\u00e1ng - PETPARADISE\" \/>\n<meta property=\"og:description\" content=\"B\u00e1t \u0103n cho ch\u00f3 m\u00e8o b\u1eb1ng nh\u1ef1a nhi\u1ec1u ki\u1ec3u d\u00e1ng v\u00e0 m\u00e0u s\u1eafc. Ch\u1ea5t li\u1ec7u nh\u1ef1a PP an to\u00e0n, b\u1ec1n b\u1ec9 v\u00e0 d\u1ec5 d\u00e0ng v\u1ec7 sinh. S\u1ea3n ph\u1ea9m gi\u00e1 t\u1ed1t nh\u1ea5t t\u1ea1i Pet Paradise.\" \/>\n<meta property=\"og:url\" content=\"https:\/\/petparadise.azdigi.shop\/index.php\/san-pham\/bat-an-cho-cho-meo-bang-nhua-nhieu-kieu-dang\/\" \/>\n<meta property=\"og:site_name\" content=\"PETPARADISE\" \/>\n<meta property=\"article:modified_time\" content=\"2026-04-01T12:34:53+00:00\" \/>\n<meta property=\"og:image\" content=\"https:\/\/petparadise.azdigi.shop\/wp-content\/uploads\/2026\/04\/bat-an-cho-meo-bang-nhua-nhieu-kieu_2.webp\" \/>\n\t<meta property=\"og:image:width\" content=\"800\" \/>\n\t<meta property=\"og:image:height\" content=\"800\" \/>\n\t<meta property=\"og:image:type\" content=\"image\/webp\" \/>\n<meta name=\"twitter:card\" content=\"summary_large_image\" \/>\n<meta name=\"twitter:label1\" content=\"\u01af\u1edbc t\u00ednh th\u1eddi gian \u0111\u1ecdc\" \/>\n\t<meta name=\"twitter:data1\" content=\"3 ph\u00fat\" \/>\n<script type=\"application\/ld+json\" class=\"yoast-schema-graph\">{\"@context\":\"https:\/\/schema.org\",\"@graph\":[{\"@type\":\"WebPage\",\"@id\":\"https:\/\/petparadise.azdigi.shop\/index.php\/san-pham\/bat-an-cho-cho-meo-bang-nhua-nhieu-kieu-dang\/\",\"url\":\"https:\/\/petparadise.azdigi.shop\/index.php\/san-pham\/bat-an-cho-cho-meo-bang-nhua-nhieu-kieu-dang\/\",\"name\":\"B\u00e1t \u0102n Cho Ch\u00f3 M\u00e8o B\u1eb1ng Nh\u1ef1a Nhi\u1ec1u Ki\u1ec3u D\u00e1ng - PETPARADISE\",\"isPartOf\":{\"@id\":\"https:\/\/petparadise.azdigi.shop\/#website\"},\"primaryImageOfPage\":{\"@id\":\"https:\/\/petparadise.azdigi.shop\/index.php\/san-pham\/bat-an-cho-cho-meo-bang-nhua-nhieu-kieu-dang\/#primaryimage\"},\"image\":{\"@id\":\"https:\/\/petparadise.azdigi.shop\/index.php\/san-pham\/bat-an-cho-cho-meo-bang-nhua-nhieu-kieu-dang\/#primaryimage\"},\"thumbnailUrl\":\"https:\/\/petparadise.azdigi.shop\/wp-content\/uploads\/2026\/04\/bat-an-cho-meo-bang-nhua-nhieu-kieu_2.webp\",\"datePublished\":\"2026-04-01T12:27:11+00:00\",\"dateModified\":\"2026-04-01T12:34:53+00:00\",\"description\":\"B\u00e1t \u0103n cho ch\u00f3 m\u00e8o b\u1eb1ng nh\u1ef1a nhi\u1ec1u ki\u1ec3u d\u00e1ng v\u00e0 m\u00e0u s\u1eafc. Ch\u1ea5t li\u1ec7u nh\u1ef1a PP an to\u00e0n, b\u1ec1n b\u1ec9 v\u00e0 d\u1ec5 d\u00e0ng v\u1ec7 sinh. S\u1ea3n ph\u1ea9m gi\u00e1 t\u1ed1t nh\u1ea5t t\u1ea1i Pet Paradise.\",\"breadcrumb\":{\"@id\":\"https:\/\/petparadise.azdigi.shop\/index.php\/san-pham\/bat-an-cho-cho-meo-bang-nhua-nhieu-kieu-dang\/#breadcrumb\"},\"inLanguage\":\"vi\",\"potentialAction\":[{\"@type\":\"ReadAction\",\"target\":[\"https:\/\/petparadise.azdigi.shop\/index.php\/san-pham\/bat-an-cho-cho-meo-bang-nhua-nhieu-kieu-dang\/\"]}]},{\"@type\":\"ImageObject\",\"inLanguage\":\"vi\",\"@id\":\"https:\/\/petparadise.azdigi.shop\/index.php\/san-pham\/bat-an-cho-cho-meo-bang-nhua-nhieu-kieu-dang\/#primaryimage\",\"url\":\"https:\/\/petparadise.azdigi.shop\/wp-content\/uploads\/2026\/04\/bat-an-cho-meo-bang-nhua-nhieu-kieu_2.webp\",\"contentUrl\":\"https:\/\/petparadise.azdigi.shop\/wp-content\/uploads\/2026\/04\/bat-an-cho-meo-bang-nhua-nhieu-kieu_2.webp\",\"width\":800,\"height\":800},{\"@type\":\"BreadcrumbList\",\"@id\":\"https:\/\/petparadise.azdigi.shop\/index.php\/san-pham\/bat-an-cho-cho-meo-bang-nhua-nhieu-kieu-dang\/#breadcrumb\",\"itemListElement\":[{\"@type\":\"ListItem\",\"position\":1,\"name\":\"Trang ch\u1ee7\",\"item\":\"https:\/\/petparadise.azdigi.shop\/\"},{\"@type\":\"ListItem\",\"position\":2,\"name\":\"Mua s\u1eafm\",\"item\":\"https:\/\/petparadise.azdigi.shop\/index.php\/mua-sam-2\/\"},{\"@type\":\"ListItem\",\"position\":3,\"name\":\"B\u00e1t \u0102n Cho Ch\u00f3 M\u00e8o B\u1eb1ng Nh\u1ef1a Nhi\u1ec1u Ki\u1ec3u D\u00e1ng\"}]},{\"@type\":\"WebSite\",\"@id\":\"https:\/\/petparadise.azdigi.shop\/#website\",\"url\":\"https:\/\/petparadise.azdigi.shop\/\",\"name\":\"PETPARADISE\",\"description\":\"\",\"potentialAction\":[{\"@type\":\"SearchAction\",\"target\":{\"@type\":\"EntryPoint\",\"urlTemplate\":\"https:\/\/petparadise.azdigi.shop\/?s={search_term_string}\"},\"query-input\":{\"@type\":\"PropertyValueSpecification\",\"valueRequired\":true,\"valueName\":\"search_term_string\"}}],\"inLanguage\":\"vi\"}]}<\/script>\n<!-- \/ Yoast SEO plugin. -->","yoast_head_json":{"title":"B\u00e1t \u0102n Cho Ch\u00f3 M\u00e8o B\u1eb1ng Nh\u1ef1a Nhi\u1ec1u Ki\u1ec3u D\u00e1ng - PETPARADISE","description":"B\u00e1t \u0103n cho ch\u00f3 m\u00e8o b\u1eb1ng nh\u1ef1a nhi\u1ec1u ki\u1ec3u d\u00e1ng v\u00e0 m\u00e0u s\u1eafc. Ch\u1ea5t li\u1ec7u nh\u1ef1a PP an to\u00e0n, b\u1ec1n b\u1ec9 v\u00e0 d\u1ec5 d\u00e0ng v\u1ec7 sinh. S\u1ea3n ph\u1ea9m gi\u00e1 t\u1ed1t nh\u1ea5t t\u1ea1i Pet Paradise.","robots":{"index":"index","follow":"follow","max-snippet":"max-snippet:-1","max-image-preview":"max-image-preview:large","max-video-preview":"max-video-preview:-1"},"canonical":"https:\/\/petparadise.azdigi.shop\/index.php\/san-pham\/bat-an-cho-cho-meo-bang-nhua-nhieu-kieu-dang\/","og_locale":"vi_VN","og_type":"article","og_title":"B\u00e1t \u0102n Cho Ch\u00f3 M\u00e8o B\u1eb1ng Nh\u1ef1a Nhi\u1ec1u Ki\u1ec3u D\u00e1ng - PETPARADISE","og_description":"B\u00e1t \u0103n cho ch\u00f3 m\u00e8o b\u1eb1ng nh\u1ef1a nhi\u1ec1u ki\u1ec3u d\u00e1ng v\u00e0 m\u00e0u s\u1eafc. Ch\u1ea5t li\u1ec7u nh\u1ef1a PP an to\u00e0n, b\u1ec1n b\u1ec9 v\u00e0 d\u1ec5 d\u00e0ng v\u1ec7 sinh. S\u1ea3n ph\u1ea9m gi\u00e1 t\u1ed1t nh\u1ea5t t\u1ea1i Pet Paradise.","og_url":"https:\/\/petparadise.azdigi.shop\/index.php\/san-pham\/bat-an-cho-cho-meo-bang-nhua-nhieu-kieu-dang\/","og_site_name":"PETPARADISE","article_modified_time":"2026-04-01T12:34:53+00:00","og_image":[{"width":800,"height":800,"url":"https:\/\/petparadise.azdigi.shop\/wp-content\/uploads\/2026\/04\/bat-an-cho-meo-bang-nhua-nhieu-kieu_2.webp","type":"image\/webp"}],"twitter_card":"summary_large_image","twitter_misc":{"\u01af\u1edbc t\u00ednh th\u1eddi gian \u0111\u1ecdc":"3 ph\u00fat"},"schema":{"@context":"https:\/\/schema.org","@graph":[{"@type":"WebPage","@id":"https:\/\/petparadise.azdigi.shop\/index.php\/san-pham\/bat-an-cho-cho-meo-bang-nhua-nhieu-kieu-dang\/","url":"https:\/\/petparadise.azdigi.shop\/index.php\/san-pham\/bat-an-cho-cho-meo-bang-nhua-nhieu-kieu-dang\/","name":"B\u00e1t \u0102n Cho Ch\u00f3 M\u00e8o B\u1eb1ng Nh\u1ef1a Nhi\u1ec1u Ki\u1ec3u D\u00e1ng - PETPARADISE","isPartOf":{"@id":"https:\/\/petparadise.azdigi.shop\/#website"},"primaryImageOfPage":{"@id":"https:\/\/petparadise.azdigi.shop\/index.php\/san-pham\/bat-an-cho-cho-meo-bang-nhua-nhieu-kieu-dang\/#primaryimage"},"image":{"@id":"https:\/\/petparadise.azdigi.shop\/index.php\/san-pham\/bat-an-cho-cho-meo-bang-nhua-nhieu-kieu-dang\/#primaryimage"},"thumbnailUrl":"https:\/\/petparadise.azdigi.shop\/wp-content\/uploads\/2026\/04\/bat-an-cho-meo-bang-nhua-nhieu-kieu_2.webp","datePublished":"2026-04-01T12:27:11+00:00","dateModified":"2026-04-01T12:34:53+00:00","description":"B\u00e1t \u0103n cho ch\u00f3 m\u00e8o b\u1eb1ng nh\u1ef1a nhi\u1ec1u ki\u1ec3u d\u00e1ng v\u00e0 m\u00e0u s\u1eafc. Ch\u1ea5t li\u1ec7u nh\u1ef1a PP an to\u00e0n, b\u1ec1n b\u1ec9 v\u00e0 d\u1ec5 d\u00e0ng v\u1ec7 sinh. S\u1ea3n ph\u1ea9m gi\u00e1 t\u1ed1t nh\u1ea5t t\u1ea1i Pet Paradise.","breadcrumb":{"@id":"https:\/\/petparadise.azdigi.shop\/index.php\/san-pham\/bat-an-cho-cho-meo-bang-nhua-nhieu-kieu-dang\/#breadcrumb"},"inLanguage":"vi","potentialAction":[{"@type":"ReadAction","target":["https:\/\/petparadise.azdigi.shop\/index.php\/san-pham\/bat-an-cho-cho-meo-bang-nhua-nhieu-kieu-dang\/"]}]},{"@type":"ImageObject","inLanguage":"vi","@id":"https:\/\/petparadise.azdigi.shop\/index.php\/san-pham\/bat-an-cho-cho-meo-bang-nhua-nhieu-kieu-dang\/#primaryimage","url":"https:\/\/petparadise.azdigi.shop\/wp-content\/uploads\/2026\/04\/bat-an-cho-meo-bang-nhua-nhieu-kieu_2.webp","contentUrl":"https:\/\/petparadise.azdigi.shop\/wp-content\/uploads\/2026\/04\/bat-an-cho-meo-bang-nhua-nhieu-kieu_2.webp","width":800,"height":800},{"@type":"BreadcrumbList","@id":"https:\/\/petparadise.azdigi.shop\/index.php\/san-pham\/bat-an-cho-cho-meo-bang-nhua-nhieu-kieu-dang\/#breadcrumb","itemListElement":[{"@type":"ListItem","position":1,"name":"Trang ch\u1ee7","item":"https:\/\/petparadise.azdigi.shop\/"},{"@type":"ListItem","position":2,"name":"Mua s\u1eafm","item":"https:\/\/petparadise.azdigi.shop\/index.php\/mua-sam-2\/"},{"@type":"ListItem","position":3,"name":"B\u00e1t \u0102n Cho Ch\u00f3 M\u00e8o B\u1eb1ng Nh\u1ef1a Nhi\u1ec1u Ki\u1ec3u D\u00e1ng"}]},{"@type":"WebSite","@id":"https:\/\/petparadise.azdigi.shop\/#website","url":"https:\/\/petparadise.azdigi.shop\/","name":"PETPARADISE","description":"","potentialAction":[{"@type":"SearchAction","target":{"@type":"EntryPoint","urlTemplate":"https:\/\/petparadise.azdigi.shop\/?s={search_term_string}"},"query-input":{"@type":"PropertyValueSpecification","valueRequired":true,"valueName":"search_term_string"}}],"inLanguage":"vi"}]}},"_links":{"self":[{"href":"https:\/\/petparadise.azdigi.shop\/index.php\/wp-json\/wp\/v2\/product\/338","targetHints":{"allow":["GET"]}}],"collection":[{"href":"https:\/\/petparadise.azdigi.shop\/index.php\/wp-json\/wp\/v2\/product"}],"about":[{"href":"https:\/\/petparadise.azdigi.shop\/index.php\/wp-json\/wp\/v2\/types\/product"}],"replies":[{"embeddable":true,"href":"https:\/\/petparadise.azdigi.shop\/index.php\/wp-json\/wp\/v2\/comments?post=338"}],"wp:featuredmedia":[{"embeddable":true,"href":"https:\/\/petparadise.azdigi.shop\/index.php\/wp-json\/wp\/v2\/media\/341"}],"wp:attachment":[{"href":"https:\/\/petparadise.azdigi.shop\/index.php\/wp-json\/wp\/v2\/media?parent=338"}],"wp:term":[{"taxonomy":"product_brand","embeddable":true,"href":"https:\/\/petparadise.azdigi.shop\/index.php\/wp-json\/wp\/v2\/product_brand?post=338"},{"taxonomy":"product_cat","embeddable":true,"href":"https:\/\/petparadise.azdigi.shop\/index.php\/wp-json\/wp\/v2\/product_cat?post=338"},{"taxonomy":"product_tag","embeddable":true,"href":"https:\/\/petparadise.azdigi.shop\/index.php\/wp-json\/wp\/v2\/product_tag?post=338"}],"curies":[{"name":"wp","href":"https:\/\/api.w.org\/{rel}","templated":true}]}}