{"id":360,"date":"2026-04-01T13:12:12","date_gmt":"2026-04-01T13:12:12","guid":{"rendered":"https:\/\/petparadise.azdigi.shop\/?post_type=product&#038;p=360"},"modified":"2026-04-01T13:21:16","modified_gmt":"2026-04-01T13:21:16","slug":"co-meo-catnip-co-bac-ha-cho-meo","status":"publish","type":"product","link":"https:\/\/petparadise.azdigi.shop\/index.php\/san-pham\/co-meo-catnip-co-bac-ha-cho-meo\/","title":{"rendered":"C\u1ecf m\u00e8o Catnip c\u1ecf b\u1ea1c h\u00e0 cho m\u00e8o"},"content":{"rendered":"<h1 data-path-to-node=\"10\">\ud83c\udf43 C\u1ece M\u00c8O CATNIP \u2013 C\u1ece B\u1ea0C H\u00c0 CHO M\u00c8O GI\u00daP TH\u01af GI\u00c3N TUY\u1ec6T V\u1edcI<\/h1>\n<p data-path-to-node=\"11\"><b data-path-to-node=\"11\" data-index-in-node=\"0\">C\u1ecf m\u00e8o Catnip c\u1ecf b\u1ea1c h\u00e0 cho m\u00e8o<\/b> l\u00e0 m\u00f3n qu\u00e0 th\u00fa v\u1ecb. S\u1ea3n ph\u1ea9m gi\u00fap m\u00e8o c\u01b0ng c\u1ea3m th\u1ea5y h\u01b0ng ph\u1ea5n ngay l\u1eadp t\u1ee9c. \u0110\u00e2y l\u00e0 gi\u1ea3i ph\u00e1p gi\u1ea3i tr\u00ed l\u00e0nh m\u1ea1nh cho th\u00fa c\u01b0ng. B\u1ea1n c\u00f3 th\u1ec3 t\u00ecm th\u1ea5y Catnip ch\u1ea5t l\u01b0\u1ee3ng t\u1ea1i <b data-path-to-node=\"11\" data-index-in-node=\"199\">Pet Paradise<\/b>.<\/p>\n<h3 data-path-to-node=\"12\">T\u00e1c d\u1ee5ng th\u01b0 gi\u00e3n v\u00e0 gi\u1ea3m c\u0103ng th\u1eb3ng hi\u1ec7u qu\u1ea3<\/h3>\n<p data-path-to-node=\"13\">Catnip ch\u1ee9a ho\u1ea1t ch\u1ea5t nepetalactone t\u1ef1 nhi\u00ean. Ho\u1ea1t ch\u1ea5t n\u00e0y k\u00edch th\u00edch kh\u1ee9u gi\u00e1c c\u1ee7a m\u00e8o. N\u00f3 t\u1ea1o ra c\u1ea3m gi\u00e1c th\u01b0 gi\u00e3n v\u00e0 d\u1ec5 ch\u1ecbu. M\u00e8o s\u1ebd l\u0103n l\u1ed9n v\u00e0 \u0111\u00f9a ngh\u1ecbch vui v\u1ebb. \u0110i\u1ec1u n\u00e0y gi\u00fap gi\u1ea3m stress c\u1ef1c k\u1ef3 nhanh ch\u00f3ng.<\/p>\n<h3 data-path-to-node=\"14\">H\u1ed7 tr\u1ee3 ti\u00eau h\u00f3a v\u00e0 lo\u1ea1i b\u1ecf b\u00fai l\u00f4ng<\/h3>\n<p data-path-to-node=\"15\">M\u00e8o th\u01b0\u1eddng c\u00f3 th\u00f3i quen t\u1ef1 li\u1ebfm l\u00f4ng m\u1ed7i ng\u00e0y. Vi\u1ec7c n\u00e0y v\u00f4 t\u00ecnh t\u1ea1o ra b\u00fai l\u00f4ng trong d\u1ea1 d\u00e0y. C\u1ecf b\u1ea1c h\u00e0 gi\u00fap m\u00e8o kh\u1ea1c b\u00fai l\u00f4ng d\u1ec5 d\u00e0ng h\u01a1n. N\u00f3 c\u00f2n h\u1ed7 tr\u1ee3 h\u1ec7 ti\u00eau h\u00f3a ho\u1ea1t \u0111\u1ed9ng \u1ed5n \u0111\u1ecbnh. M\u00e8o c\u01b0ng c\u1ee7a b\u1ea1n s\u1ebd kh\u1ecfe m\u1ea1nh t\u1eeb b\u00ean trong.<\/p>\n<h3 data-path-to-node=\"16\">K\u00edch th\u00edch v\u1eadn \u0111\u1ed9ng v\u00e0 b\u1ea3o v\u1ec7 \u0111\u1ed3 n\u1ed9i th\u1ea5t<\/h3>\n<p data-path-to-node=\"17\">B\u1ea1n h\u00e3y r\u1eafc c\u1ecf l\u00ean b\u00e0n c\u00e0o m\u00f3ng c\u1ee7a m\u00e8o. N\u00f3 s\u1ebd thu h\u00fat m\u00e8o t\u1eadp trung v\u00e0o \u0111\u1ed3 ch\u01a1i ri\u00eang. Nh\u1edd v\u1eady, sofa v\u00e0 r\u00e8m c\u1eeda s\u1ebd \u0111\u01b0\u1ee3c b\u1ea3o v\u1ec7. M\u00e8o l\u01b0\u1eddi v\u1eadn \u0111\u1ed9ng s\u1ebd tr\u1edf n\u00ean nhanh nh\u1eb9n h\u01a1n. \u0110\u00e2y l\u00e0 c\u00e1ch luy\u1ec7n t\u1eadp th\u1ec3 ch\u1ea5t r\u1ea5t t\u1ef1 nhi\u00ean.<\/p>\n<h3 data-path-to-node=\"18\">H\u01b0\u1edbng d\u1eabn s\u1eed d\u1ee5ng an to\u00e0n cho m\u00e8o<\/h3>\n<p data-path-to-node=\"19\">B\u1ea1n ch\u1ec9 c\u1ea7n l\u1ea5y m\u1ed9t l\u01b0\u1ee3ng nh\u1ecf c\u1ecf kh\u00f4. R\u1eafc ch\u00fang l\u00ean nh\u1eefng n\u01a1i m\u00e8o th\u01b0\u1eddng n\u1eb1m ch\u01a1i. M\u1ed7i tu\u1ea7n n\u00ean s\u1eed d\u1ee5ng t\u1eeb 2 \u0111\u1ebfn 3 l\u1ea7n. S\u1ea3n ph\u1ea9m kh\u00f4ng g\u00e2y h\u1ea1i cho s\u1ee9c kh\u1ecfe v\u1eadt nu\u00f4i. M\u00e8o s\u1ebd t\u1ef1 c\u00e2n b\u1eb1ng c\u1ea3m x\u00fac sau khi s\u1eed d\u1ee5ng.<\/p>\n<hr data-path-to-node=\"20\" \/>\n<h3 data-path-to-node=\"21\">\ud83d\uded2 \u0110\u1eb6T H\u00c0NG NGAY T\u1ea0I PET PARADISE<\/h3>\n<p data-path-to-node=\"22\">H\u00e3y mang l\u1ea1i ni\u1ec1m vui cho &#8220;ho\u00e0ng th\u01b0\u1ee3ng&#8221; ngay h\u00f4m nay. Gh\u00e9 <b data-path-to-node=\"22\" data-index-in-node=\"59\">Pet Paradise<\/b> \u0111\u1ec3 s\u1edf h\u1eefu c\u1ecf m\u00e8o Catnip ch\u00ednh h\u00e3ng.\ud83d\udcde <b data-path-to-node=\"23\" data-index-in-node=\"33\">Hotline\/Zalo :<a href=\"http:\/\/0776550001\">0776550001<\/a><\/b><\/p>\n<p data-path-to-node=\"24\">#PetParadise #Catnip #CoMeo #CoBacHaChoMeo #ChamSocMeo #MeoThuGian #PhuKienChoMeo<\/p>\n","protected":false},"excerpt":{"rendered":"<p data-path-to-node=\"6\"><b data-path-to-node=\"6\" data-index-in-node=\"0\">C\u1ecf m\u00e8o Catnip (C\u1ecf b\u1ea1c h\u00e0)<\/b> l\u00e0 th\u1ea3o d\u01b0\u1ee3c thi\u00ean nhi\u00ean d\u00e0nh cho th\u00fa c\u01b0ng. S\u1ea3n ph\u1ea9m mang l\u1ea1i c\u1ea3m gi\u00e1c h\u01b0ng ph\u1ea5n v\u00e0 h\u1ea1nh ph\u00fac cho m\u00e8o.<\/p>\n","protected":false},"featured_media":361,"comment_status":"open","ping_status":"closed","template":"","meta":[],"product_brand":[],"product_cat":[33],"product_tag":[],"class_list":{"0":"post-360","1":"product","2":"type-product","3":"status-publish","4":"has-post-thumbnail","6":"product_cat-thuc-an-cho-meo","8":"first","9":"instock","10":"shipping-taxable","11":"purchasable","12":"product-type-simple"},"yoast_head":"<!-- This site is optimized with the Yoast SEO plugin v26.8 - https:\/\/yoast.com\/product\/yoast-seo-wordpress\/ -->\n<title>C\u1ecf m\u00e8o Catnip c\u1ecf b\u1ea1c h\u00e0 cho m\u00e8o - PETPARADISE<\/title>\n<meta name=\"description\" content=\"C\u1ecf m\u00e8o Catnip c\u1ecf b\u1ea1c h\u00e0 cho m\u00e8o gi\u00fap th\u01b0 gi\u00e3n v\u00e0 gi\u1ea3m stress. S\u1ea3n ph\u1ea9m t\u1ef1 nhi\u00ean, an to\u00e0n, k\u00edch th\u00edch m\u00e8o v\u1eadn \u0111\u1ed9ng vui v\u1ebb. Mua ngay t\u1ea1i Pet Paradise.\" \/>\n<meta name=\"robots\" content=\"index, follow, max-snippet:-1, max-image-preview:large, max-video-preview:-1\" \/>\n<link rel=\"canonical\" href=\"https:\/\/petparadise.azdigi.shop\/index.php\/san-pham\/co-meo-catnip-co-bac-ha-cho-meo\/\" \/>\n<meta property=\"og:locale\" content=\"vi_VN\" \/>\n<meta property=\"og:type\" content=\"article\" \/>\n<meta property=\"og:title\" content=\"C\u1ecf m\u00e8o Catnip c\u1ecf b\u1ea1c h\u00e0 cho m\u00e8o - PETPARADISE\" \/>\n<meta property=\"og:description\" content=\"C\u1ecf m\u00e8o Catnip c\u1ecf b\u1ea1c h\u00e0 cho m\u00e8o gi\u00fap th\u01b0 gi\u00e3n v\u00e0 gi\u1ea3m stress. S\u1ea3n ph\u1ea9m t\u1ef1 nhi\u00ean, an to\u00e0n, k\u00edch th\u00edch m\u00e8o v\u1eadn \u0111\u1ed9ng vui v\u1ebb. Mua ngay t\u1ea1i Pet Paradise.\" \/>\n<meta property=\"og:url\" content=\"https:\/\/petparadise.azdigi.shop\/index.php\/san-pham\/co-meo-catnip-co-bac-ha-cho-meo\/\" \/>\n<meta property=\"og:site_name\" content=\"PETPARADISE\" \/>\n<meta property=\"article:modified_time\" content=\"2026-04-01T13:21:16+00:00\" \/>\n<meta property=\"og:image\" content=\"https:\/\/petparadise.azdigi.shop\/wp-content\/uploads\/2026\/04\/vn-11134207-7qukw-lg3gfmenoi9671.jpg\" \/>\n\t<meta property=\"og:image:width\" content=\"799\" \/>\n\t<meta property=\"og:image:height\" content=\"607\" \/>\n\t<meta property=\"og:image:type\" content=\"image\/jpeg\" \/>\n<meta name=\"twitter:card\" content=\"summary_large_image\" \/>\n<meta name=\"twitter:label1\" content=\"\u01af\u1edbc t\u00ednh th\u1eddi gian \u0111\u1ecdc\" \/>\n\t<meta name=\"twitter:data1\" content=\"3 ph\u00fat\" \/>\n<script type=\"application\/ld+json\" class=\"yoast-schema-graph\">{\"@context\":\"https:\/\/schema.org\",\"@graph\":[{\"@type\":\"WebPage\",\"@id\":\"https:\/\/petparadise.azdigi.shop\/index.php\/san-pham\/co-meo-catnip-co-bac-ha-cho-meo\/\",\"url\":\"https:\/\/petparadise.azdigi.shop\/index.php\/san-pham\/co-meo-catnip-co-bac-ha-cho-meo\/\",\"name\":\"C\u1ecf m\u00e8o Catnip c\u1ecf b\u1ea1c h\u00e0 cho m\u00e8o - PETPARADISE\",\"isPartOf\":{\"@id\":\"https:\/\/petparadise.azdigi.shop\/#website\"},\"primaryImageOfPage\":{\"@id\":\"https:\/\/petparadise.azdigi.shop\/index.php\/san-pham\/co-meo-catnip-co-bac-ha-cho-meo\/#primaryimage\"},\"image\":{\"@id\":\"https:\/\/petparadise.azdigi.shop\/index.php\/san-pham\/co-meo-catnip-co-bac-ha-cho-meo\/#primaryimage\"},\"thumbnailUrl\":\"https:\/\/petparadise.azdigi.shop\/wp-content\/uploads\/2026\/04\/vn-11134207-7qukw-lg3gfmenoi9671.jpg\",\"datePublished\":\"2026-04-01T13:12:12+00:00\",\"dateModified\":\"2026-04-01T13:21:16+00:00\",\"description\":\"C\u1ecf m\u00e8o Catnip c\u1ecf b\u1ea1c h\u00e0 cho m\u00e8o gi\u00fap th\u01b0 gi\u00e3n v\u00e0 gi\u1ea3m stress. S\u1ea3n ph\u1ea9m t\u1ef1 nhi\u00ean, an to\u00e0n, k\u00edch th\u00edch m\u00e8o v\u1eadn \u0111\u1ed9ng vui v\u1ebb. Mua ngay t\u1ea1i Pet Paradise.\",\"breadcrumb\":{\"@id\":\"https:\/\/petparadise.azdigi.shop\/index.php\/san-pham\/co-meo-catnip-co-bac-ha-cho-meo\/#breadcrumb\"},\"inLanguage\":\"vi\",\"potentialAction\":[{\"@type\":\"ReadAction\",\"target\":[\"https:\/\/petparadise.azdigi.shop\/index.php\/san-pham\/co-meo-catnip-co-bac-ha-cho-meo\/\"]}]},{\"@type\":\"ImageObject\",\"inLanguage\":\"vi\",\"@id\":\"https:\/\/petparadise.azdigi.shop\/index.php\/san-pham\/co-meo-catnip-co-bac-ha-cho-meo\/#primaryimage\",\"url\":\"https:\/\/petparadise.azdigi.shop\/wp-content\/uploads\/2026\/04\/vn-11134207-7qukw-lg3gfmenoi9671.jpg\",\"contentUrl\":\"https:\/\/petparadise.azdigi.shop\/wp-content\/uploads\/2026\/04\/vn-11134207-7qukw-lg3gfmenoi9671.jpg\",\"width\":799,\"height\":607},{\"@type\":\"BreadcrumbList\",\"@id\":\"https:\/\/petparadise.azdigi.shop\/index.php\/san-pham\/co-meo-catnip-co-bac-ha-cho-meo\/#breadcrumb\",\"itemListElement\":[{\"@type\":\"ListItem\",\"position\":1,\"name\":\"Trang ch\u1ee7\",\"item\":\"https:\/\/petparadise.azdigi.shop\/\"},{\"@type\":\"ListItem\",\"position\":2,\"name\":\"Mua s\u1eafm\",\"item\":\"https:\/\/petparadise.azdigi.shop\/index.php\/mua-sam-2\/\"},{\"@type\":\"ListItem\",\"position\":3,\"name\":\"C\u1ecf m\u00e8o Catnip c\u1ecf b\u1ea1c h\u00e0 cho m\u00e8o\"}]},{\"@type\":\"WebSite\",\"@id\":\"https:\/\/petparadise.azdigi.shop\/#website\",\"url\":\"https:\/\/petparadise.azdigi.shop\/\",\"name\":\"PETPARADISE\",\"description\":\"\",\"potentialAction\":[{\"@type\":\"SearchAction\",\"target\":{\"@type\":\"EntryPoint\",\"urlTemplate\":\"https:\/\/petparadise.azdigi.shop\/?s={search_term_string}\"},\"query-input\":{\"@type\":\"PropertyValueSpecification\",\"valueRequired\":true,\"valueName\":\"search_term_string\"}}],\"inLanguage\":\"vi\"}]}<\/script>\n<!-- \/ Yoast SEO plugin. -->","yoast_head_json":{"title":"C\u1ecf m\u00e8o Catnip c\u1ecf b\u1ea1c h\u00e0 cho m\u00e8o - PETPARADISE","description":"C\u1ecf m\u00e8o Catnip c\u1ecf b\u1ea1c h\u00e0 cho m\u00e8o gi\u00fap th\u01b0 gi\u00e3n v\u00e0 gi\u1ea3m stress. S\u1ea3n ph\u1ea9m t\u1ef1 nhi\u00ean, an to\u00e0n, k\u00edch th\u00edch m\u00e8o v\u1eadn \u0111\u1ed9ng vui v\u1ebb. Mua ngay t\u1ea1i Pet Paradise.","robots":{"index":"index","follow":"follow","max-snippet":"max-snippet:-1","max-image-preview":"max-image-preview:large","max-video-preview":"max-video-preview:-1"},"canonical":"https:\/\/petparadise.azdigi.shop\/index.php\/san-pham\/co-meo-catnip-co-bac-ha-cho-meo\/","og_locale":"vi_VN","og_type":"article","og_title":"C\u1ecf m\u00e8o Catnip c\u1ecf b\u1ea1c h\u00e0 cho m\u00e8o - PETPARADISE","og_description":"C\u1ecf m\u00e8o Catnip c\u1ecf b\u1ea1c h\u00e0 cho m\u00e8o gi\u00fap th\u01b0 gi\u00e3n v\u00e0 gi\u1ea3m stress. S\u1ea3n ph\u1ea9m t\u1ef1 nhi\u00ean, an to\u00e0n, k\u00edch th\u00edch m\u00e8o v\u1eadn \u0111\u1ed9ng vui v\u1ebb. Mua ngay t\u1ea1i Pet Paradise.","og_url":"https:\/\/petparadise.azdigi.shop\/index.php\/san-pham\/co-meo-catnip-co-bac-ha-cho-meo\/","og_site_name":"PETPARADISE","article_modified_time":"2026-04-01T13:21:16+00:00","og_image":[{"width":799,"height":607,"url":"https:\/\/petparadise.azdigi.shop\/wp-content\/uploads\/2026\/04\/vn-11134207-7qukw-lg3gfmenoi9671.jpg","type":"image\/jpeg"}],"twitter_card":"summary_large_image","twitter_misc":{"\u01af\u1edbc t\u00ednh th\u1eddi gian \u0111\u1ecdc":"3 ph\u00fat"},"schema":{"@context":"https:\/\/schema.org","@graph":[{"@type":"WebPage","@id":"https:\/\/petparadise.azdigi.shop\/index.php\/san-pham\/co-meo-catnip-co-bac-ha-cho-meo\/","url":"https:\/\/petparadise.azdigi.shop\/index.php\/san-pham\/co-meo-catnip-co-bac-ha-cho-meo\/","name":"C\u1ecf m\u00e8o Catnip c\u1ecf b\u1ea1c h\u00e0 cho m\u00e8o - PETPARADISE","isPartOf":{"@id":"https:\/\/petparadise.azdigi.shop\/#website"},"primaryImageOfPage":{"@id":"https:\/\/petparadise.azdigi.shop\/index.php\/san-pham\/co-meo-catnip-co-bac-ha-cho-meo\/#primaryimage"},"image":{"@id":"https:\/\/petparadise.azdigi.shop\/index.php\/san-pham\/co-meo-catnip-co-bac-ha-cho-meo\/#primaryimage"},"thumbnailUrl":"https:\/\/petparadise.azdigi.shop\/wp-content\/uploads\/2026\/04\/vn-11134207-7qukw-lg3gfmenoi9671.jpg","datePublished":"2026-04-01T13:12:12+00:00","dateModified":"2026-04-01T13:21:16+00:00","description":"C\u1ecf m\u00e8o Catnip c\u1ecf b\u1ea1c h\u00e0 cho m\u00e8o gi\u00fap th\u01b0 gi\u00e3n v\u00e0 gi\u1ea3m stress. S\u1ea3n ph\u1ea9m t\u1ef1 nhi\u00ean, an to\u00e0n, k\u00edch th\u00edch m\u00e8o v\u1eadn \u0111\u1ed9ng vui v\u1ebb. Mua ngay t\u1ea1i Pet Paradise.","breadcrumb":{"@id":"https:\/\/petparadise.azdigi.shop\/index.php\/san-pham\/co-meo-catnip-co-bac-ha-cho-meo\/#breadcrumb"},"inLanguage":"vi","potentialAction":[{"@type":"ReadAction","target":["https:\/\/petparadise.azdigi.shop\/index.php\/san-pham\/co-meo-catnip-co-bac-ha-cho-meo\/"]}]},{"@type":"ImageObject","inLanguage":"vi","@id":"https:\/\/petparadise.azdigi.shop\/index.php\/san-pham\/co-meo-catnip-co-bac-ha-cho-meo\/#primaryimage","url":"https:\/\/petparadise.azdigi.shop\/wp-content\/uploads\/2026\/04\/vn-11134207-7qukw-lg3gfmenoi9671.jpg","contentUrl":"https:\/\/petparadise.azdigi.shop\/wp-content\/uploads\/2026\/04\/vn-11134207-7qukw-lg3gfmenoi9671.jpg","width":799,"height":607},{"@type":"BreadcrumbList","@id":"https:\/\/petparadise.azdigi.shop\/index.php\/san-pham\/co-meo-catnip-co-bac-ha-cho-meo\/#breadcrumb","itemListElement":[{"@type":"ListItem","position":1,"name":"Trang ch\u1ee7","item":"https:\/\/petparadise.azdigi.shop\/"},{"@type":"ListItem","position":2,"name":"Mua s\u1eafm","item":"https:\/\/petparadise.azdigi.shop\/index.php\/mua-sam-2\/"},{"@type":"ListItem","position":3,"name":"C\u1ecf m\u00e8o Catnip c\u1ecf b\u1ea1c h\u00e0 cho m\u00e8o"}]},{"@type":"WebSite","@id":"https:\/\/petparadise.azdigi.shop\/#website","url":"https:\/\/petparadise.azdigi.shop\/","name":"PETPARADISE","description":"","potentialAction":[{"@type":"SearchAction","target":{"@type":"EntryPoint","urlTemplate":"https:\/\/petparadise.azdigi.shop\/?s={search_term_string}"},"query-input":{"@type":"PropertyValueSpecification","valueRequired":true,"valueName":"search_term_string"}}],"inLanguage":"vi"}]}},"_links":{"self":[{"href":"https:\/\/petparadise.azdigi.shop\/index.php\/wp-json\/wp\/v2\/product\/360","targetHints":{"allow":["GET"]}}],"collection":[{"href":"https:\/\/petparadise.azdigi.shop\/index.php\/wp-json\/wp\/v2\/product"}],"about":[{"href":"https:\/\/petparadise.azdigi.shop\/index.php\/wp-json\/wp\/v2\/types\/product"}],"replies":[{"embeddable":true,"href":"https:\/\/petparadise.azdigi.shop\/index.php\/wp-json\/wp\/v2\/comments?post=360"}],"wp:featuredmedia":[{"embeddable":true,"href":"https:\/\/petparadise.azdigi.shop\/index.php\/wp-json\/wp\/v2\/media\/361"}],"wp:attachment":[{"href":"https:\/\/petparadise.azdigi.shop\/index.php\/wp-json\/wp\/v2\/media?parent=360"}],"wp:term":[{"taxonomy":"product_brand","embeddable":true,"href":"https:\/\/petparadise.azdigi.shop\/index.php\/wp-json\/wp\/v2\/product_brand?post=360"},{"taxonomy":"product_cat","embeddable":true,"href":"https:\/\/petparadise.azdigi.shop\/index.php\/wp-json\/wp\/v2\/product_cat?post=360"},{"taxonomy":"product_tag","embeddable":true,"href":"https:\/\/petparadise.azdigi.shop\/index.php\/wp-json\/wp\/v2\/product_tag?post=360"}],"curies":[{"name":"wp","href":"https:\/\/api.w.org\/{rel}","templated":true}]}}