{"id":364,"date":"2026-04-01T13:17:21","date_gmt":"2026-04-01T13:17:21","guid":{"rendered":"https:\/\/petparadise.azdigi.shop\/?post_type=product&#038;p=364"},"modified":"2026-04-01T13:17:22","modified_gmt":"2026-04-01T13:17:22","slug":"sua-bot-cho-meo-kitten-milk-replacer","status":"publish","type":"product","link":"https:\/\/petparadise.azdigi.shop\/index.php\/san-pham\/sua-bot-cho-meo-kitten-milk-replacer\/","title":{"rendered":"S\u1eefa b\u1ed9t cho m\u00e8o Kitten Milk Replacer"},"content":{"rendered":"<div class=\"container\">\n<div id=\"model-response-message-contentr_40e544416a01fc99\" class=\"markdown markdown-main-panel stronger enable-updated-hr-color\" dir=\"ltr\" aria-live=\"polite\" aria-busy=\"false\">\n<h1 data-path-to-node=\"10\">\ud83c\udf7c S\u1eeeA B\u1ed8T CHO M\u00c8O KITTEN MILK REPLACER \u2013 DINH D\u01af\u1ee0NG TO\u00c0N DI\u1ec6N<\/h1>\n<p data-path-to-node=\"11\"><b data-path-to-node=\"11\" data-index-in-node=\"0\">S\u1eefa b\u1ed9t cho m\u00e8o Kitten Milk Replacer<\/b> l\u00e0 l\u1ef1a ch\u1ecdn s\u1ed1 m\u1ed9t. S\u1ea3n ph\u1ea9m \u0111\u01b0\u1ee3c thi\u1ebft k\u1ebf t\u01b0\u01a1ng \u0111\u01b0\u01a1ng v\u1edbi s\u1eefa m\u1eb9. N\u00f3 gi\u00fap m\u00e8o con ph\u00e1t tri\u1ec3n v\u01b0\u1ee3t tr\u1ed9i trong giai \u0111o\u1ea1n \u0111\u1ea7u. B\u1ea1n c\u00f3 th\u1ec3 t\u00ecm th\u1ea5y KMR ch\u00ednh h\u00e3ng t\u1ea1i <b data-path-to-node=\"11\" data-index-in-node=\"201\">Pet Paradise<\/b>.<\/p>\n<h3 data-path-to-node=\"12\">C\u00f4ng th\u1ee9c gi\u00e0u n\u0103ng l\u01b0\u1ee3ng v\u00e0 d\u1ec5 ti\u00eau h\u00f3a<\/h3>\n<p data-path-to-node=\"13\">M\u00e8o con c\u00f3 h\u1ec7 ti\u00eau h\u00f3a r\u1ea5t nh\u1ea1y c\u1ea3m. S\u1ea3n ph\u1ea9m KMR s\u1eed d\u1ee5ng \u0111\u1ea1m s\u1eefa ch\u1ea5t l\u01b0\u1ee3ng cao. N\u00f3 gi\u00fap m\u00e8o con d\u1ec5 d\u00e0ng h\u1ea5p th\u1ee5 dinh d\u01b0\u1ee1ng. C\u00e1c l\u1ee3i khu\u1ea9n h\u1ed7 tr\u1ee3 \u0111\u01b0\u1eddng ru\u1ed9t kh\u1ecfe m\u1ea1nh h\u01a1n. M\u00e8o s\u1ebd \u00edt g\u1eb7p t\u00ecnh tr\u1ea1ng ti\u00eau ch\u1ea3y hay \u0111\u1ea7y h\u01a1i.<\/p>\n<h3 data-path-to-node=\"14\">Cung c\u1ea5p \u0111\u1ea7y \u0111\u1ee7 Vitamin v\u00e0 kho\u00e1ng ch\u1ea5t<\/h3>\n<p data-path-to-node=\"15\">S\u1eefa b\u1ed9t ch\u1ee9a h\u00e0m l\u01b0\u1ee3ng Vitamin A, D, E d\u1ed3i d\u00e0o. C\u00e1c kho\u00e1ng ch\u1ea5t Canxi gi\u00fap x\u01b0\u01a1ng v\u00e0 r\u0103ng ch\u1eafc kh\u1ecfe. Taurine h\u1ed7 tr\u1ee3 ph\u00e1t tri\u1ec3n th\u1ecb l\u1ef1c v\u00e0 tim m\u1ea1ch. \u0110\u00e2y l\u00e0 ngu\u1ed3n n\u0103ng l\u01b0\u1ee3ng c\u1ea7n thi\u1ebft cho s\u1ef1 t\u0103ng tr\u01b0\u1edfng. M\u00e8o con s\u1ebd ph\u00e1t tri\u1ec3n \u0111\u1ed3ng \u0111\u1ec1u v\u1ec1 th\u1ec3 ch\u1ea5t.<\/p>\n<h3 data-path-to-node=\"16\">H\u1ed7 tr\u1ee3 m\u00e8o con m\u1ed3 c\u00f4i ho\u1eb7c thi\u1ebfu s\u1eefa m\u1eb9<\/h3>\n<p data-path-to-node=\"17\">S\u1ea3n ph\u1ea9m l\u00e0 c\u1ee9u c\u00e1nh cho m\u00e8o con m\u1ea5t m\u1eb9. N\u00f3 cung c\u1ea5p kh\u00e1ng th\u1ec3 gi\u00fap t\u0103ng c\u01b0\u1eddng h\u1ec7 mi\u1ec5n d\u1ecbch. B\u1ea1n c\u00f3 th\u1ec3 d\u00f9ng s\u1eefa \u0111\u1ec3 b\u1ed5 sung cho m\u00e8o m\u1eb9. \u0110i\u1ec1u n\u00e0y gi\u00fap m\u00e8o m\u1eb9 ph\u1ee5c h\u1ed3i s\u1ee9c kh\u1ecfe nhanh h\u01a1n. Vi\u1ec7c pha s\u1eefa c\u0169ng c\u1ef1c k\u1ef3 \u0111\u01a1n gi\u1ea3n v\u00e0 ti\u1ec7n l\u1ee3i.<\/p>\n<h3 data-path-to-node=\"18\">H\u01b0\u1edbng d\u1eabn pha s\u1eefa chu\u1ea9n cho m\u00e8o con<\/h3>\n<p data-path-to-node=\"19\">B\u1ea1n h\u00e3y h\u00f2a tan b\u1ed9t s\u1eefa v\u1edbi n\u01b0\u1edbc \u1ea5m. T\u1ef7 l\u1ec7 pha c\u1ea7n tu\u00e2n th\u1ee7 h\u01b0\u1edbng d\u1eabn tr\u00ean bao b\u00ec. S\u1eed d\u1ee5ng b\u00ecnh b\u00fa chuy\u00ean d\u1ee5ng \u0111\u1ec3 cho m\u00e8o \u0103n. Lu\u00f4n gi\u1eef v\u1ec7 sinh d\u1ee5ng c\u1ee5 pha s\u1eefa th\u1eadt s\u1ea1ch s\u1ebd. M\u00e8o con s\u1ebd c\u1ea3m nh\u1eadn \u0111\u01b0\u1ee3c s\u1ef1 ch\u0103m s\u00f3c t\u1eadn t\u00ecnh.<\/p>\n<hr data-path-to-node=\"20\" \/>\n<h3 data-path-to-node=\"21\">\ud83d\uded2 \u0110\u1eb6T H\u00c0NG NGAY T\u1ea0I PET PARADISE<\/h3>\n<p data-path-to-node=\"22\">H\u00e3y b\u1ea3o v\u1ec7 s\u1ee9c kh\u1ecfe m\u00e8o con b\u1eb1ng ngu\u1ed3n s\u1eefa ch\u1ea5t l\u01b0\u1ee3ng. Gh\u00e9 ngay <b data-path-to-node=\"22\" data-index-in-node=\"64\">Pet Paradise<\/b> \u0111\u1ec3 \u0111\u01b0\u1ee3c t\u01b0 v\u1ea5n k\u1ef9 h\u01a1n.<\/p>\n<p data-path-to-node=\"23\">\ud83d\udcde <b data-path-to-node=\"23\" data-index-in-node=\"33\">Hotline\/Zalo:<\/b> 0776550001<\/p>\n<p data-path-to-node=\"24\">#PetParadise #KittenMilkReplacer #SuaBotChoMeo #KMR #DinhDuongMeoCon #ChamSocMeo #SuaMeoChinhHang #PetHealth<\/p>\n<\/div>\n<\/div>\n","protected":false},"excerpt":{"rendered":"<p><b data-path-to-node=\"6\" data-index-in-node=\"0\">S\u1eefa b\u1ed9t cho m\u00e8o Kitten Milk Replacer<\/b> l\u00e0 ngu\u1ed3n dinh d\u01b0\u1ee1ng thay th\u1ebf s\u1eefa m\u1eb9 ho\u00e0n h\u1ea3o. S\u1ea3n ph\u1ea9m gi\u00fap m\u00e8o con h\u1ea5p th\u1ee5 t\u1ed1i \u0111a d\u01b0\u1ee1ng ch\u1ea5t.<\/p>\n","protected":false},"featured_media":365,"comment_status":"open","ping_status":"closed","template":"","meta":[],"product_brand":[],"product_cat":[33],"product_tag":[],"class_list":{"0":"post-364","1":"product","2":"type-product","3":"status-publish","4":"has-post-thumbnail","6":"product_cat-thuc-an-cho-meo","8":"first","9":"instock","10":"shipping-taxable","11":"purchasable","12":"product-type-simple"},"yoast_head":"<!-- This site is optimized with the Yoast SEO plugin v26.8 - https:\/\/yoast.com\/product\/yoast-seo-wordpress\/ -->\n<title>S\u1eefa b\u1ed9t cho m\u00e8o Kitten Milk Replacer - PETPARADISE<\/title>\n<meta name=\"description\" content=\"S\u1eefa b\u1ed9t cho m\u00e8o Kitten Milk Replacer cung c\u1ea5p dinh d\u01b0\u1ee1ng to\u00e0n di\u1ec7n cho m\u00e8o con. C\u00f4ng th\u1ee9c gi\u00e0u Protein v\u00e0 Vitamin gi\u00fap m\u00e8o ph\u00e1t tri\u1ec3n kh\u1ecfe m\u1ea1nh.\" \/>\n<meta name=\"robots\" content=\"index, follow, max-snippet:-1, max-image-preview:large, max-video-preview:-1\" \/>\n<link rel=\"canonical\" href=\"https:\/\/petparadise.azdigi.shop\/index.php\/san-pham\/sua-bot-cho-meo-kitten-milk-replacer\/\" \/>\n<meta property=\"og:locale\" content=\"vi_VN\" \/>\n<meta property=\"og:type\" content=\"article\" \/>\n<meta property=\"og:title\" content=\"S\u1eefa b\u1ed9t cho m\u00e8o Kitten Milk Replacer - PETPARADISE\" \/>\n<meta property=\"og:description\" content=\"S\u1eefa b\u1ed9t cho m\u00e8o Kitten Milk Replacer cung c\u1ea5p dinh d\u01b0\u1ee1ng to\u00e0n di\u1ec7n cho m\u00e8o con. C\u00f4ng th\u1ee9c gi\u00e0u Protein v\u00e0 Vitamin gi\u00fap m\u00e8o ph\u00e1t tri\u1ec3n kh\u1ecfe m\u1ea1nh.\" \/>\n<meta property=\"og:url\" content=\"https:\/\/petparadise.azdigi.shop\/index.php\/san-pham\/sua-bot-cho-meo-kitten-milk-replacer\/\" \/>\n<meta property=\"og:site_name\" content=\"PETPARADISE\" \/>\n<meta property=\"article:modified_time\" content=\"2026-04-01T13:17:22+00:00\" \/>\n<meta property=\"og:image\" content=\"https:\/\/petparadise.azdigi.shop\/wp-content\/uploads\/2026\/04\/jerhigh_bar_150g_-_2023-12-02t132831.804_afdc28a2539a4a1d89413d4dcaeceb7b.png\" \/>\n\t<meta property=\"og:image:width\" content=\"1024\" \/>\n\t<meta property=\"og:image:height\" content=\"1024\" \/>\n\t<meta property=\"og:image:type\" content=\"image\/png\" \/>\n<meta name=\"twitter:card\" content=\"summary_large_image\" \/>\n<meta name=\"twitter:label1\" content=\"\u01af\u1edbc t\u00ednh th\u1eddi gian \u0111\u1ecdc\" \/>\n\t<meta name=\"twitter:data1\" content=\"3 ph\u00fat\" \/>\n<script type=\"application\/ld+json\" class=\"yoast-schema-graph\">{\"@context\":\"https:\/\/schema.org\",\"@graph\":[{\"@type\":\"WebPage\",\"@id\":\"https:\/\/petparadise.azdigi.shop\/index.php\/san-pham\/sua-bot-cho-meo-kitten-milk-replacer\/\",\"url\":\"https:\/\/petparadise.azdigi.shop\/index.php\/san-pham\/sua-bot-cho-meo-kitten-milk-replacer\/\",\"name\":\"S\u1eefa b\u1ed9t cho m\u00e8o Kitten Milk Replacer - PETPARADISE\",\"isPartOf\":{\"@id\":\"https:\/\/petparadise.azdigi.shop\/#website\"},\"primaryImageOfPage\":{\"@id\":\"https:\/\/petparadise.azdigi.shop\/index.php\/san-pham\/sua-bot-cho-meo-kitten-milk-replacer\/#primaryimage\"},\"image\":{\"@id\":\"https:\/\/petparadise.azdigi.shop\/index.php\/san-pham\/sua-bot-cho-meo-kitten-milk-replacer\/#primaryimage\"},\"thumbnailUrl\":\"https:\/\/petparadise.azdigi.shop\/wp-content\/uploads\/2026\/04\/jerhigh_bar_150g_-_2023-12-02t132831.804_afdc28a2539a4a1d89413d4dcaeceb7b.png\",\"datePublished\":\"2026-04-01T13:17:21+00:00\",\"dateModified\":\"2026-04-01T13:17:22+00:00\",\"description\":\"S\u1eefa b\u1ed9t cho m\u00e8o Kitten Milk Replacer cung c\u1ea5p dinh d\u01b0\u1ee1ng to\u00e0n di\u1ec7n cho m\u00e8o con. C\u00f4ng th\u1ee9c gi\u00e0u Protein v\u00e0 Vitamin gi\u00fap m\u00e8o ph\u00e1t tri\u1ec3n kh\u1ecfe m\u1ea1nh.\",\"breadcrumb\":{\"@id\":\"https:\/\/petparadise.azdigi.shop\/index.php\/san-pham\/sua-bot-cho-meo-kitten-milk-replacer\/#breadcrumb\"},\"inLanguage\":\"vi\",\"potentialAction\":[{\"@type\":\"ReadAction\",\"target\":[\"https:\/\/petparadise.azdigi.shop\/index.php\/san-pham\/sua-bot-cho-meo-kitten-milk-replacer\/\"]}]},{\"@type\":\"ImageObject\",\"inLanguage\":\"vi\",\"@id\":\"https:\/\/petparadise.azdigi.shop\/index.php\/san-pham\/sua-bot-cho-meo-kitten-milk-replacer\/#primaryimage\",\"url\":\"https:\/\/petparadise.azdigi.shop\/wp-content\/uploads\/2026\/04\/jerhigh_bar_150g_-_2023-12-02t132831.804_afdc28a2539a4a1d89413d4dcaeceb7b.png\",\"contentUrl\":\"https:\/\/petparadise.azdigi.shop\/wp-content\/uploads\/2026\/04\/jerhigh_bar_150g_-_2023-12-02t132831.804_afdc28a2539a4a1d89413d4dcaeceb7b.png\",\"width\":1024,\"height\":1024},{\"@type\":\"BreadcrumbList\",\"@id\":\"https:\/\/petparadise.azdigi.shop\/index.php\/san-pham\/sua-bot-cho-meo-kitten-milk-replacer\/#breadcrumb\",\"itemListElement\":[{\"@type\":\"ListItem\",\"position\":1,\"name\":\"Trang ch\u1ee7\",\"item\":\"https:\/\/petparadise.azdigi.shop\/\"},{\"@type\":\"ListItem\",\"position\":2,\"name\":\"Mua s\u1eafm\",\"item\":\"https:\/\/petparadise.azdigi.shop\/index.php\/mua-sam-2\/\"},{\"@type\":\"ListItem\",\"position\":3,\"name\":\"S\u1eefa b\u1ed9t cho m\u00e8o Kitten Milk Replacer\"}]},{\"@type\":\"WebSite\",\"@id\":\"https:\/\/petparadise.azdigi.shop\/#website\",\"url\":\"https:\/\/petparadise.azdigi.shop\/\",\"name\":\"PETPARADISE\",\"description\":\"\",\"potentialAction\":[{\"@type\":\"SearchAction\",\"target\":{\"@type\":\"EntryPoint\",\"urlTemplate\":\"https:\/\/petparadise.azdigi.shop\/?s={search_term_string}\"},\"query-input\":{\"@type\":\"PropertyValueSpecification\",\"valueRequired\":true,\"valueName\":\"search_term_string\"}}],\"inLanguage\":\"vi\"}]}<\/script>\n<!-- \/ Yoast SEO plugin. -->","yoast_head_json":{"title":"S\u1eefa b\u1ed9t cho m\u00e8o Kitten Milk Replacer - PETPARADISE","description":"S\u1eefa b\u1ed9t cho m\u00e8o Kitten Milk Replacer cung c\u1ea5p dinh d\u01b0\u1ee1ng to\u00e0n di\u1ec7n cho m\u00e8o con. C\u00f4ng th\u1ee9c gi\u00e0u Protein v\u00e0 Vitamin gi\u00fap m\u00e8o ph\u00e1t tri\u1ec3n kh\u1ecfe m\u1ea1nh.","robots":{"index":"index","follow":"follow","max-snippet":"max-snippet:-1","max-image-preview":"max-image-preview:large","max-video-preview":"max-video-preview:-1"},"canonical":"https:\/\/petparadise.azdigi.shop\/index.php\/san-pham\/sua-bot-cho-meo-kitten-milk-replacer\/","og_locale":"vi_VN","og_type":"article","og_title":"S\u1eefa b\u1ed9t cho m\u00e8o Kitten Milk Replacer - PETPARADISE","og_description":"S\u1eefa b\u1ed9t cho m\u00e8o Kitten Milk Replacer cung c\u1ea5p dinh d\u01b0\u1ee1ng to\u00e0n di\u1ec7n cho m\u00e8o con. C\u00f4ng th\u1ee9c gi\u00e0u Protein v\u00e0 Vitamin gi\u00fap m\u00e8o ph\u00e1t tri\u1ec3n kh\u1ecfe m\u1ea1nh.","og_url":"https:\/\/petparadise.azdigi.shop\/index.php\/san-pham\/sua-bot-cho-meo-kitten-milk-replacer\/","og_site_name":"PETPARADISE","article_modified_time":"2026-04-01T13:17:22+00:00","og_image":[{"width":1024,"height":1024,"url":"https:\/\/petparadise.azdigi.shop\/wp-content\/uploads\/2026\/04\/jerhigh_bar_150g_-_2023-12-02t132831.804_afdc28a2539a4a1d89413d4dcaeceb7b.png","type":"image\/png"}],"twitter_card":"summary_large_image","twitter_misc":{"\u01af\u1edbc t\u00ednh th\u1eddi gian \u0111\u1ecdc":"3 ph\u00fat"},"schema":{"@context":"https:\/\/schema.org","@graph":[{"@type":"WebPage","@id":"https:\/\/petparadise.azdigi.shop\/index.php\/san-pham\/sua-bot-cho-meo-kitten-milk-replacer\/","url":"https:\/\/petparadise.azdigi.shop\/index.php\/san-pham\/sua-bot-cho-meo-kitten-milk-replacer\/","name":"S\u1eefa b\u1ed9t cho m\u00e8o Kitten Milk Replacer - PETPARADISE","isPartOf":{"@id":"https:\/\/petparadise.azdigi.shop\/#website"},"primaryImageOfPage":{"@id":"https:\/\/petparadise.azdigi.shop\/index.php\/san-pham\/sua-bot-cho-meo-kitten-milk-replacer\/#primaryimage"},"image":{"@id":"https:\/\/petparadise.azdigi.shop\/index.php\/san-pham\/sua-bot-cho-meo-kitten-milk-replacer\/#primaryimage"},"thumbnailUrl":"https:\/\/petparadise.azdigi.shop\/wp-content\/uploads\/2026\/04\/jerhigh_bar_150g_-_2023-12-02t132831.804_afdc28a2539a4a1d89413d4dcaeceb7b.png","datePublished":"2026-04-01T13:17:21+00:00","dateModified":"2026-04-01T13:17:22+00:00","description":"S\u1eefa b\u1ed9t cho m\u00e8o Kitten Milk Replacer cung c\u1ea5p dinh d\u01b0\u1ee1ng to\u00e0n di\u1ec7n cho m\u00e8o con. C\u00f4ng th\u1ee9c gi\u00e0u Protein v\u00e0 Vitamin gi\u00fap m\u00e8o ph\u00e1t tri\u1ec3n kh\u1ecfe m\u1ea1nh.","breadcrumb":{"@id":"https:\/\/petparadise.azdigi.shop\/index.php\/san-pham\/sua-bot-cho-meo-kitten-milk-replacer\/#breadcrumb"},"inLanguage":"vi","potentialAction":[{"@type":"ReadAction","target":["https:\/\/petparadise.azdigi.shop\/index.php\/san-pham\/sua-bot-cho-meo-kitten-milk-replacer\/"]}]},{"@type":"ImageObject","inLanguage":"vi","@id":"https:\/\/petparadise.azdigi.shop\/index.php\/san-pham\/sua-bot-cho-meo-kitten-milk-replacer\/#primaryimage","url":"https:\/\/petparadise.azdigi.shop\/wp-content\/uploads\/2026\/04\/jerhigh_bar_150g_-_2023-12-02t132831.804_afdc28a2539a4a1d89413d4dcaeceb7b.png","contentUrl":"https:\/\/petparadise.azdigi.shop\/wp-content\/uploads\/2026\/04\/jerhigh_bar_150g_-_2023-12-02t132831.804_afdc28a2539a4a1d89413d4dcaeceb7b.png","width":1024,"height":1024},{"@type":"BreadcrumbList","@id":"https:\/\/petparadise.azdigi.shop\/index.php\/san-pham\/sua-bot-cho-meo-kitten-milk-replacer\/#breadcrumb","itemListElement":[{"@type":"ListItem","position":1,"name":"Trang ch\u1ee7","item":"https:\/\/petparadise.azdigi.shop\/"},{"@type":"ListItem","position":2,"name":"Mua s\u1eafm","item":"https:\/\/petparadise.azdigi.shop\/index.php\/mua-sam-2\/"},{"@type":"ListItem","position":3,"name":"S\u1eefa b\u1ed9t cho m\u00e8o Kitten Milk Replacer"}]},{"@type":"WebSite","@id":"https:\/\/petparadise.azdigi.shop\/#website","url":"https:\/\/petparadise.azdigi.shop\/","name":"PETPARADISE","description":"","potentialAction":[{"@type":"SearchAction","target":{"@type":"EntryPoint","urlTemplate":"https:\/\/petparadise.azdigi.shop\/?s={search_term_string}"},"query-input":{"@type":"PropertyValueSpecification","valueRequired":true,"valueName":"search_term_string"}}],"inLanguage":"vi"}]}},"_links":{"self":[{"href":"https:\/\/petparadise.azdigi.shop\/index.php\/wp-json\/wp\/v2\/product\/364","targetHints":{"allow":["GET"]}}],"collection":[{"href":"https:\/\/petparadise.azdigi.shop\/index.php\/wp-json\/wp\/v2\/product"}],"about":[{"href":"https:\/\/petparadise.azdigi.shop\/index.php\/wp-json\/wp\/v2\/types\/product"}],"replies":[{"embeddable":true,"href":"https:\/\/petparadise.azdigi.shop\/index.php\/wp-json\/wp\/v2\/comments?post=364"}],"wp:featuredmedia":[{"embeddable":true,"href":"https:\/\/petparadise.azdigi.shop\/index.php\/wp-json\/wp\/v2\/media\/365"}],"wp:attachment":[{"href":"https:\/\/petparadise.azdigi.shop\/index.php\/wp-json\/wp\/v2\/media?parent=364"}],"wp:term":[{"taxonomy":"product_brand","embeddable":true,"href":"https:\/\/petparadise.azdigi.shop\/index.php\/wp-json\/wp\/v2\/product_brand?post=364"},{"taxonomy":"product_cat","embeddable":true,"href":"https:\/\/petparadise.azdigi.shop\/index.php\/wp-json\/wp\/v2\/product_cat?post=364"},{"taxonomy":"product_tag","embeddable":true,"href":"https:\/\/petparadise.azdigi.shop\/index.php\/wp-json\/wp\/v2\/product_tag?post=364"}],"curies":[{"name":"wp","href":"https:\/\/api.w.org\/{rel}","templated":true}]}}