{"id":84,"date":"2026-03-17T17:24:26","date_gmt":"2026-03-17T17:24:26","guid":{"rendered":"https:\/\/petparadise.azdigi.shop\/?post_type=product&#038;p=84"},"modified":"2026-03-19T08:12:53","modified_gmt":"2026-03-19T08:12:53","slug":"sua-tam-cho-meo-charmie-ngoc-lan-tay-280ml","status":"publish","type":"product","link":"https:\/\/petparadise.azdigi.shop\/index.php\/san-pham\/sua-tam-cho-meo-charmie-ngoc-lan-tay-280ml\/","title":{"rendered":"S\u1eefa t\u1eafm ch\u00f3 m\u00e8o Charmie Ng\u1ecdc Lan T\u00e2y 280ml"},"content":{"rendered":"<p data-path-to-node=\"10\"><b data-path-to-node=\"10\" data-index-in-node=\"0\">CH\u0102M S\u00d3C &#8220;SEN&#8221; &amp; &#8220;BOSS&#8221; TH\u01af GI\u00c3N C\u00d9NG S\u1eeeA T\u1eaeM CHARMIE NG\u1eccC LAN T\u00c2Y<\/b><\/p>\n<p data-path-to-node=\"11\"><b data-path-to-node=\"11\" data-index-in-node=\"112\">S\u1eefa t\u1eafm Charmie Ng\u1ecdc Lan T\u00e2y<\/b> ch\u00ednh l\u00e0 l\u1ef1a ch\u1ecdn ho\u00e0n h\u1ea3o \u0111\u1ec3 n\u00e2ng niu b\u1ed9 l\u00f4ng v\u00e0 l\u00e0n da c\u1ee7a c\u00e1c b\u00e9.<\/p>\n<h4 data-path-to-node=\"12\">\u2728 \u01afu \u0111i\u1ec3m n\u1ed5i b\u1eadt c\u1ee7a Charmie Ng\u1ecdc Lan T\u00e2y<\/h4>\n<h3 data-path-to-node=\"3\">1. S\u1eefa t\u1eafm Trixie (\u0110\u1ee9c)<\/h3>\n<p data-path-to-node=\"4\"><b data-path-to-node=\"4\" data-index-in-node=\"0\">S\u1eefa t\u1eafm Trixie \u2013 B\u00ed k\u00edp cho th\u00fa c\u01b0ng lu\u00f4n th\u01a1m tho.<\/b> D\u00f2ng s\u1ea3n ph\u1ea9m Trixie gi\u00fap c\u00e1c b\u00e9 c\u01b0ng s\u1ea1ch s\u1ebd v\u00e0 ng\u0103n r\u1ee5ng l\u00f4ng hi\u1ec7u qu\u1ea3. S\u1ea3n ph\u1ea9m c\u00f3 nhi\u1ec1u d\u00f2ng \u0111a d\u1ea1ng cho b\u1ea1n l\u1ef1a ch\u1ecdn. M\u1ed7i lo\u1ea1i \u0111\u1ec1u ch\u0103m s\u00f3c b\u1ed9 l\u00f4ng m\u1ed9t c\u00e1ch chuy\u00ean s\u00e2u.<\/p>\n<p data-path-to-node=\"5\"><b data-path-to-node=\"5\" data-index-in-node=\"0\">L\u01b0u \u00fd:<\/b> Gi\u00e1 s\u1ea3n ph\u1ea9m c\u00f3 th\u1ec3 thay \u0111\u1ed5i t\u00f9y th\u1eddi \u0111i\u1ec3m. H\u00e3y <b data-path-to-node=\"5\" data-index-in-node=\"55\">K\u1ebft B\u1ea1n Zalo<\/b> ho\u1eb7c g\u1ecdi ngay <b data-path-to-node=\"5\" data-index-in-node=\"82\">Hotline<\/b>. Ch\u00fang t\u00f4i s\u1ebd g\u1eedi th\u00eam h\u00ecnh \u1ea3nh v\u00e0 video chi ti\u1ebft cho b\u1ea1n.<\/p>\n<hr data-path-to-node=\"6\" \/>\n<h3 data-path-to-node=\"7\">2. S\u1eefa t\u1eafm tr\u1ecb n\u1ea5m gh\u1ebb Bio Derma (150ml)<\/h3>\n<p data-path-to-node=\"8\"><b data-path-to-node=\"8\" data-index-in-node=\"0\">BIO DERMA 150ML \u2013 \u0110\u1eb6C TR\u1eca N\u1ea4M, GH\u00c8 V\u00c0 X\u00c0 M\u00c2U<\/b><\/p>\n<p data-path-to-node=\"9\">S\u1eefa t\u1eafm Bio Derma l\u00e0 &#8220;kh\u1eafc tinh&#8221; c\u1ee7a n\u1ea5m v\u00e0 gh\u1ebb \u1edf ch\u00f3. S\u1ea3n ph\u1ea9m gi\u00fap lo\u1ea1i b\u1ecf t\u1eadn g\u1ed1c c\u00e1c t\u00e1c nh\u00e2n g\u00e2y ng\u1ee9a. Da c\u1ee7a b\u00e9 s\u1ebd ph\u1ee5c h\u1ed3i nhanh ch\u00f3ng sau khi s\u1eed d\u1ee5ng.<\/p>\n<p data-path-to-node=\"10\"><b data-path-to-node=\"10\" data-index-in-node=\"0\">C\u00f4ng d\u1ee5ng n\u1ed5i b\u1eadt:<\/b><\/p>\n<ul data-path-to-node=\"11\">\n<li>\n<p data-path-to-node=\"11,0,0\">\u0110\u1eb7c tr\u1ecb n\u1ea5m da v\u00e0 c\u00e1c lo\u1ea1i gh\u1ebb Sarcoptes, Demodex.<\/p>\n<\/li>\n<li>\n<p data-path-to-node=\"11,1,0\">Gi\u1ea3m ng\u1ee9a t\u1ee9c th\u00ec v\u00e0 s\u00e1t tr\u00f9ng v\u1ebft th\u01b0\u01a1ng m\u1ee7.<\/p>\n<\/li>\n<li>\n<p data-path-to-node=\"11,2,0\">Lo\u1ea1i b\u1ecf m\u00f9i h\u00f4i kh\u00f3 ch\u1ecbu tr\u00ean da hi\u1ec7u qu\u1ea3.<\/p>\n<\/li>\n<li>\n<p data-path-to-node=\"11,3,0\">K\u00edch th\u00edch m\u1ecdc l\u00f4ng l\u1ea1i t\u1ea1i c\u00e1c v\u00f9ng da t\u1ed5n th\u01b0\u01a1ng.<\/p>\n<\/li>\n<\/ul>\n<p data-path-to-node=\"12\"><b data-path-to-node=\"12\" data-index-in-node=\"0\">L\u01b0u \u00fd:<\/b> Gi\u00e1 s\u1ea3n ph\u1ea9m c\u00f3 th\u1ec3 thay \u0111\u1ed5i theo th\u1ecb tr\u01b0\u1eddng. Vui l\u00f2ng <b data-path-to-node=\"12\" data-index-in-node=\"62\">K\u1ebft B\u1ea1n Zalo<\/b> ho\u1eb7c g\u1ecdi <b data-path-to-node=\"12\" data-index-in-node=\"84\">Hotline<\/b>. Ch\u00fang t\u00f4i lu\u00f4n s\u1eb5n s\u00e0ng g\u1eedi video th\u1ef1c t\u1ebf cho b\u1ea1n.<\/p>\n<hr data-path-to-node=\"13\" \/>\n<h3 data-path-to-node=\"14\">3. S\u1eefa t\u1eafm Charmie Ng\u1ecdc Lan T\u00e2y (280ml)<\/h3>\n<p data-path-to-node=\"15\"><b data-path-to-node=\"15\" data-index-in-node=\"0\">S\u1eeeA T\u1eaeM CHARMIE NG\u1eccC LAN T\u00c2Y \u2013 TH\u01a0M L\u00c2U, M\u01af\u1ee2T L\u00d4NG<\/b><\/p>\n<p data-path-to-node=\"16\">S\u1eefa t\u1eafm Charmie mang l\u1ea1i h\u01b0\u01a1ng th\u01a1m Ng\u1ecdc Lan T\u00e2y qu\u00fd ph\u00e1i. S\u1ea3n ph\u1ea9m d\u00f9ng \u0111\u01b0\u1ee3c cho c\u1ea3 ch\u00f3 v\u00e0 m\u00e8o. B\u1ed9 l\u00f4ng c\u1ee7a b\u00e9 s\u1ebd tr\u1edf n\u00ean b\u00f3ng m\u01b0\u1ee3t nh\u01b0 \u0111i spa.<\/p>\n<p data-path-to-node=\"17\"><b data-path-to-node=\"17\" data-index-in-node=\"0\">\u01afu \u0111i\u1ec3m v\u01b0\u1ee3t tr\u1ed9i:<\/b><\/p>\n<ul data-path-to-node=\"18\">\n<li>\n<p data-path-to-node=\"18,0,0\">H\u01b0\u01a1ng th\u01a1m sang tr\u1ecdng v\u00e0 l\u01b0u gi\u1eef c\u1ef1c l\u00e2u.<\/p>\n<\/li>\n<li>\n<p data-path-to-node=\"18,1,0\">D\u01b0\u1ee1ng l\u00f4ng m\u1ec1m m\u1ea1i, ng\u0103n ng\u1eeba kh\u00f4 x\u01a1.<\/p>\n<\/li>\n<li>\n<p data-path-to-node=\"18,2,0\">C\u00f4ng th\u1ee9c d\u1ecbu nh\u1eb9, an to\u00e0n cho da nh\u1ea1y c\u1ea3m.<\/p>\n<\/li>\n<li>\n<p data-path-to-node=\"18,3,0\">Thi\u1ebft k\u1ebf v\u00f2i nh\u1ea5n r\u1ea5t ti\u1ec7n l\u1ee3i khi s\u1eed d\u1ee5ng.<\/p>\n<\/li>\n<\/ul>\n","protected":false},"excerpt":{"rendered":"<p>Gi\u1eef \u1ea9m d\u1ecbu nh\u1eb9 \u2013 h\u01b0\u01a1ng th\u01a1m d\u1ec5 ch\u1ecbu, l\u01b0u h\u01b0\u01a1ng l\u00e2u . \u0110\u1eb7c \u0111i\u1ec3m n\u1ed5i b\u1eadt Charmie H\u01b0\u01a1ng Ng\u1ecdc Lan nh\u1eb9 nh\u00e0ng, mang l\u1ea1i c\u1ea3m gi\u00e1c s\u1ea1ch s\u1ebd sau m\u1ed7i l\u1ea7n t\u1eafm. H\u1ed7 tr\u1ee3&#8230;<\/p>\n","protected":false},"featured_media":85,"comment_status":"open","ping_status":"closed","template":"","meta":[],"product_brand":[],"product_cat":[31],"product_tag":[],"class_list":{"0":"post-84","1":"product","2":"type-product","3":"status-publish","4":"has-post-thumbnail","6":"product_cat-cham-soc","8":"first","9":"instock","10":"sale","11":"shipping-taxable","12":"purchasable","13":"product-type-simple"},"yoast_head":"<!-- This site is optimized with the Yoast SEO plugin v26.8 - https:\/\/yoast.com\/product\/yoast-seo-wordpress\/ -->\n<title>S\u1eefa t\u1eafm ch\u00f3 m\u00e8o Charmie Ng\u1ecdc Lan T\u00e2y 280ml - PETPARADISE<\/title>\n<meta name=\"description\" content=\"S\u1eefa t\u1eafm Trixie chuy\u00ean bi\u1ec7t gi\u00fap d\u01b0\u1ee1ng l\u00f4ng si\u00eau m\u01b0\u1ee3t, kh\u1eed m\u00f9i h\u00f4i v\u00e0 h\u1ed7 tr\u1ee3 tr\u1ecb ve r\u1eadn cho th\u00fa c\u01b0ng. \u0110\u1ea3m b\u1ea3o th\u00fa c\u01b0ng lu\u00f4n \u0111\u01b0\u1ee3c s\u1ea1ch s\u1ebd, th\u01a1m tho.\" \/>\n<meta name=\"robots\" content=\"index, follow, max-snippet:-1, max-image-preview:large, max-video-preview:-1\" \/>\n<link rel=\"canonical\" href=\"https:\/\/petparadise.azdigi.shop\/index.php\/san-pham\/sua-tam-cho-meo-charmie-ngoc-lan-tay-280ml\/\" \/>\n<meta property=\"og:locale\" content=\"vi_VN\" \/>\n<meta property=\"og:type\" content=\"article\" \/>\n<meta property=\"og:title\" content=\"S\u1eefa t\u1eafm ch\u00f3 m\u00e8o Charmie Ng\u1ecdc Lan T\u00e2y 280ml - PETPARADISE\" \/>\n<meta property=\"og:description\" content=\"S\u1eefa t\u1eafm Trixie chuy\u00ean bi\u1ec7t gi\u00fap d\u01b0\u1ee1ng l\u00f4ng si\u00eau m\u01b0\u1ee3t, kh\u1eed m\u00f9i h\u00f4i v\u00e0 h\u1ed7 tr\u1ee3 tr\u1ecb ve r\u1eadn cho th\u00fa c\u01b0ng. \u0110\u1ea3m b\u1ea3o th\u00fa c\u01b0ng lu\u00f4n \u0111\u01b0\u1ee3c s\u1ea1ch s\u1ebd, th\u01a1m tho.\" \/>\n<meta property=\"og:url\" content=\"https:\/\/petparadise.azdigi.shop\/index.php\/san-pham\/sua-tam-cho-meo-charmie-ngoc-lan-tay-280ml\/\" \/>\n<meta property=\"og:site_name\" content=\"PETPARADISE\" \/>\n<meta property=\"article:modified_time\" content=\"2026-03-19T08:12:53+00:00\" \/>\n<meta property=\"og:image\" content=\"https:\/\/petparadise.azdigi.shop\/wp-content\/uploads\/2026\/03\/sua-tam-cho-meo-charmie-ngoc-lan-tay-280ml-cutepets-1-1-1767002145601.webp\" \/>\n\t<meta property=\"og:image:width\" content=\"952\" \/>\n\t<meta property=\"og:image:height\" content=\"952\" \/>\n\t<meta property=\"og:image:type\" content=\"image\/webp\" \/>\n<meta name=\"twitter:card\" content=\"summary_large_image\" \/>\n<meta name=\"twitter:label1\" content=\"\u01af\u1edbc t\u00ednh th\u1eddi gian \u0111\u1ecdc\" \/>\n\t<meta name=\"twitter:data1\" content=\"3 ph\u00fat\" \/>\n<script type=\"application\/ld+json\" class=\"yoast-schema-graph\">{\"@context\":\"https:\/\/schema.org\",\"@graph\":[{\"@type\":\"WebPage\",\"@id\":\"https:\/\/petparadise.azdigi.shop\/index.php\/san-pham\/sua-tam-cho-meo-charmie-ngoc-lan-tay-280ml\/\",\"url\":\"https:\/\/petparadise.azdigi.shop\/index.php\/san-pham\/sua-tam-cho-meo-charmie-ngoc-lan-tay-280ml\/\",\"name\":\"S\u1eefa t\u1eafm ch\u00f3 m\u00e8o Charmie Ng\u1ecdc Lan T\u00e2y 280ml - PETPARADISE\",\"isPartOf\":{\"@id\":\"https:\/\/petparadise.azdigi.shop\/#website\"},\"primaryImageOfPage\":{\"@id\":\"https:\/\/petparadise.azdigi.shop\/index.php\/san-pham\/sua-tam-cho-meo-charmie-ngoc-lan-tay-280ml\/#primaryimage\"},\"image\":{\"@id\":\"https:\/\/petparadise.azdigi.shop\/index.php\/san-pham\/sua-tam-cho-meo-charmie-ngoc-lan-tay-280ml\/#primaryimage\"},\"thumbnailUrl\":\"https:\/\/petparadise.azdigi.shop\/wp-content\/uploads\/2026\/03\/sua-tam-cho-meo-charmie-ngoc-lan-tay-280ml-cutepets-1-1-1767002145601.webp\",\"datePublished\":\"2026-03-17T17:24:26+00:00\",\"dateModified\":\"2026-03-19T08:12:53+00:00\",\"description\":\"S\u1eefa t\u1eafm Trixie chuy\u00ean bi\u1ec7t gi\u00fap d\u01b0\u1ee1ng l\u00f4ng si\u00eau m\u01b0\u1ee3t, kh\u1eed m\u00f9i h\u00f4i v\u00e0 h\u1ed7 tr\u1ee3 tr\u1ecb ve r\u1eadn cho th\u00fa c\u01b0ng. \u0110\u1ea3m b\u1ea3o th\u00fa c\u01b0ng lu\u00f4n \u0111\u01b0\u1ee3c s\u1ea1ch s\u1ebd, th\u01a1m tho.\",\"breadcrumb\":{\"@id\":\"https:\/\/petparadise.azdigi.shop\/index.php\/san-pham\/sua-tam-cho-meo-charmie-ngoc-lan-tay-280ml\/#breadcrumb\"},\"inLanguage\":\"vi\",\"potentialAction\":[{\"@type\":\"ReadAction\",\"target\":[\"https:\/\/petparadise.azdigi.shop\/index.php\/san-pham\/sua-tam-cho-meo-charmie-ngoc-lan-tay-280ml\/\"]}]},{\"@type\":\"ImageObject\",\"inLanguage\":\"vi\",\"@id\":\"https:\/\/petparadise.azdigi.shop\/index.php\/san-pham\/sua-tam-cho-meo-charmie-ngoc-lan-tay-280ml\/#primaryimage\",\"url\":\"https:\/\/petparadise.azdigi.shop\/wp-content\/uploads\/2026\/03\/sua-tam-cho-meo-charmie-ngoc-lan-tay-280ml-cutepets-1-1-1767002145601.webp\",\"contentUrl\":\"https:\/\/petparadise.azdigi.shop\/wp-content\/uploads\/2026\/03\/sua-tam-cho-meo-charmie-ngoc-lan-tay-280ml-cutepets-1-1-1767002145601.webp\",\"width\":952,\"height\":952},{\"@type\":\"BreadcrumbList\",\"@id\":\"https:\/\/petparadise.azdigi.shop\/index.php\/san-pham\/sua-tam-cho-meo-charmie-ngoc-lan-tay-280ml\/#breadcrumb\",\"itemListElement\":[{\"@type\":\"ListItem\",\"position\":1,\"name\":\"Trang ch\u1ee7\",\"item\":\"https:\/\/petparadise.azdigi.shop\/\"},{\"@type\":\"ListItem\",\"position\":2,\"name\":\"Mua s\u1eafm\",\"item\":\"https:\/\/petparadise.azdigi.shop\/index.php\/mua-sam-2\/\"},{\"@type\":\"ListItem\",\"position\":3,\"name\":\"S\u1eefa t\u1eafm ch\u00f3 m\u00e8o Charmie Ng\u1ecdc Lan T\u00e2y 280ml\"}]},{\"@type\":\"WebSite\",\"@id\":\"https:\/\/petparadise.azdigi.shop\/#website\",\"url\":\"https:\/\/petparadise.azdigi.shop\/\",\"name\":\"PETPARADISE\",\"description\":\"\",\"potentialAction\":[{\"@type\":\"SearchAction\",\"target\":{\"@type\":\"EntryPoint\",\"urlTemplate\":\"https:\/\/petparadise.azdigi.shop\/?s={search_term_string}\"},\"query-input\":{\"@type\":\"PropertyValueSpecification\",\"valueRequired\":true,\"valueName\":\"search_term_string\"}}],\"inLanguage\":\"vi\"}]}<\/script>\n<!-- \/ Yoast SEO plugin. -->","yoast_head_json":{"title":"S\u1eefa t\u1eafm ch\u00f3 m\u00e8o Charmie Ng\u1ecdc Lan T\u00e2y 280ml - PETPARADISE","description":"S\u1eefa t\u1eafm Trixie chuy\u00ean bi\u1ec7t gi\u00fap d\u01b0\u1ee1ng l\u00f4ng si\u00eau m\u01b0\u1ee3t, kh\u1eed m\u00f9i h\u00f4i v\u00e0 h\u1ed7 tr\u1ee3 tr\u1ecb ve r\u1eadn cho th\u00fa c\u01b0ng. \u0110\u1ea3m b\u1ea3o th\u00fa c\u01b0ng lu\u00f4n \u0111\u01b0\u1ee3c s\u1ea1ch s\u1ebd, th\u01a1m tho.","robots":{"index":"index","follow":"follow","max-snippet":"max-snippet:-1","max-image-preview":"max-image-preview:large","max-video-preview":"max-video-preview:-1"},"canonical":"https:\/\/petparadise.azdigi.shop\/index.php\/san-pham\/sua-tam-cho-meo-charmie-ngoc-lan-tay-280ml\/","og_locale":"vi_VN","og_type":"article","og_title":"S\u1eefa t\u1eafm ch\u00f3 m\u00e8o Charmie Ng\u1ecdc Lan T\u00e2y 280ml - PETPARADISE","og_description":"S\u1eefa t\u1eafm Trixie chuy\u00ean bi\u1ec7t gi\u00fap d\u01b0\u1ee1ng l\u00f4ng si\u00eau m\u01b0\u1ee3t, kh\u1eed m\u00f9i h\u00f4i v\u00e0 h\u1ed7 tr\u1ee3 tr\u1ecb ve r\u1eadn cho th\u00fa c\u01b0ng. \u0110\u1ea3m b\u1ea3o th\u00fa c\u01b0ng lu\u00f4n \u0111\u01b0\u1ee3c s\u1ea1ch s\u1ebd, th\u01a1m tho.","og_url":"https:\/\/petparadise.azdigi.shop\/index.php\/san-pham\/sua-tam-cho-meo-charmie-ngoc-lan-tay-280ml\/","og_site_name":"PETPARADISE","article_modified_time":"2026-03-19T08:12:53+00:00","og_image":[{"width":952,"height":952,"url":"https:\/\/petparadise.azdigi.shop\/wp-content\/uploads\/2026\/03\/sua-tam-cho-meo-charmie-ngoc-lan-tay-280ml-cutepets-1-1-1767002145601.webp","type":"image\/webp"}],"twitter_card":"summary_large_image","twitter_misc":{"\u01af\u1edbc t\u00ednh th\u1eddi gian \u0111\u1ecdc":"3 ph\u00fat"},"schema":{"@context":"https:\/\/schema.org","@graph":[{"@type":"WebPage","@id":"https:\/\/petparadise.azdigi.shop\/index.php\/san-pham\/sua-tam-cho-meo-charmie-ngoc-lan-tay-280ml\/","url":"https:\/\/petparadise.azdigi.shop\/index.php\/san-pham\/sua-tam-cho-meo-charmie-ngoc-lan-tay-280ml\/","name":"S\u1eefa t\u1eafm ch\u00f3 m\u00e8o Charmie Ng\u1ecdc Lan T\u00e2y 280ml - PETPARADISE","isPartOf":{"@id":"https:\/\/petparadise.azdigi.shop\/#website"},"primaryImageOfPage":{"@id":"https:\/\/petparadise.azdigi.shop\/index.php\/san-pham\/sua-tam-cho-meo-charmie-ngoc-lan-tay-280ml\/#primaryimage"},"image":{"@id":"https:\/\/petparadise.azdigi.shop\/index.php\/san-pham\/sua-tam-cho-meo-charmie-ngoc-lan-tay-280ml\/#primaryimage"},"thumbnailUrl":"https:\/\/petparadise.azdigi.shop\/wp-content\/uploads\/2026\/03\/sua-tam-cho-meo-charmie-ngoc-lan-tay-280ml-cutepets-1-1-1767002145601.webp","datePublished":"2026-03-17T17:24:26+00:00","dateModified":"2026-03-19T08:12:53+00:00","description":"S\u1eefa t\u1eafm Trixie chuy\u00ean bi\u1ec7t gi\u00fap d\u01b0\u1ee1ng l\u00f4ng si\u00eau m\u01b0\u1ee3t, kh\u1eed m\u00f9i h\u00f4i v\u00e0 h\u1ed7 tr\u1ee3 tr\u1ecb ve r\u1eadn cho th\u00fa c\u01b0ng. \u0110\u1ea3m b\u1ea3o th\u00fa c\u01b0ng lu\u00f4n \u0111\u01b0\u1ee3c s\u1ea1ch s\u1ebd, th\u01a1m tho.","breadcrumb":{"@id":"https:\/\/petparadise.azdigi.shop\/index.php\/san-pham\/sua-tam-cho-meo-charmie-ngoc-lan-tay-280ml\/#breadcrumb"},"inLanguage":"vi","potentialAction":[{"@type":"ReadAction","target":["https:\/\/petparadise.azdigi.shop\/index.php\/san-pham\/sua-tam-cho-meo-charmie-ngoc-lan-tay-280ml\/"]}]},{"@type":"ImageObject","inLanguage":"vi","@id":"https:\/\/petparadise.azdigi.shop\/index.php\/san-pham\/sua-tam-cho-meo-charmie-ngoc-lan-tay-280ml\/#primaryimage","url":"https:\/\/petparadise.azdigi.shop\/wp-content\/uploads\/2026\/03\/sua-tam-cho-meo-charmie-ngoc-lan-tay-280ml-cutepets-1-1-1767002145601.webp","contentUrl":"https:\/\/petparadise.azdigi.shop\/wp-content\/uploads\/2026\/03\/sua-tam-cho-meo-charmie-ngoc-lan-tay-280ml-cutepets-1-1-1767002145601.webp","width":952,"height":952},{"@type":"BreadcrumbList","@id":"https:\/\/petparadise.azdigi.shop\/index.php\/san-pham\/sua-tam-cho-meo-charmie-ngoc-lan-tay-280ml\/#breadcrumb","itemListElement":[{"@type":"ListItem","position":1,"name":"Trang ch\u1ee7","item":"https:\/\/petparadise.azdigi.shop\/"},{"@type":"ListItem","position":2,"name":"Mua s\u1eafm","item":"https:\/\/petparadise.azdigi.shop\/index.php\/mua-sam-2\/"},{"@type":"ListItem","position":3,"name":"S\u1eefa t\u1eafm ch\u00f3 m\u00e8o Charmie Ng\u1ecdc Lan T\u00e2y 280ml"}]},{"@type":"WebSite","@id":"https:\/\/petparadise.azdigi.shop\/#website","url":"https:\/\/petparadise.azdigi.shop\/","name":"PETPARADISE","description":"","potentialAction":[{"@type":"SearchAction","target":{"@type":"EntryPoint","urlTemplate":"https:\/\/petparadise.azdigi.shop\/?s={search_term_string}"},"query-input":{"@type":"PropertyValueSpecification","valueRequired":true,"valueName":"search_term_string"}}],"inLanguage":"vi"}]}},"_links":{"self":[{"href":"https:\/\/petparadise.azdigi.shop\/index.php\/wp-json\/wp\/v2\/product\/84","targetHints":{"allow":["GET"]}}],"collection":[{"href":"https:\/\/petparadise.azdigi.shop\/index.php\/wp-json\/wp\/v2\/product"}],"about":[{"href":"https:\/\/petparadise.azdigi.shop\/index.php\/wp-json\/wp\/v2\/types\/product"}],"replies":[{"embeddable":true,"href":"https:\/\/petparadise.azdigi.shop\/index.php\/wp-json\/wp\/v2\/comments?post=84"}],"wp:featuredmedia":[{"embeddable":true,"href":"https:\/\/petparadise.azdigi.shop\/index.php\/wp-json\/wp\/v2\/media\/85"}],"wp:attachment":[{"href":"https:\/\/petparadise.azdigi.shop\/index.php\/wp-json\/wp\/v2\/media?parent=84"}],"wp:term":[{"taxonomy":"product_brand","embeddable":true,"href":"https:\/\/petparadise.azdigi.shop\/index.php\/wp-json\/wp\/v2\/product_brand?post=84"},{"taxonomy":"product_cat","embeddable":true,"href":"https:\/\/petparadise.azdigi.shop\/index.php\/wp-json\/wp\/v2\/product_cat?post=84"},{"taxonomy":"product_tag","embeddable":true,"href":"https:\/\/petparadise.azdigi.shop\/index.php\/wp-json\/wp\/v2\/product_tag?post=84"}],"curies":[{"name":"wp","href":"https:\/\/api.w.org\/{rel}","templated":true}]}}